{"id":380,"date":"2022-06-04T20:19:44","date_gmt":"2022-06-04T20:19:44","guid":{"rendered":"https:\/\/flashcars.hu\/?page_id=380"},"modified":"2022-06-15T20:11:05","modified_gmt":"2022-06-15T20:11:05","slug":"crane-services","status":"publish","type":"page","link":"https:\/\/flashcars.hu\/en\/crane-services\/","title":{"rendered":"Crane services"},"content":{"rendered":"<div data-elementor-type=\"wp-page\" data-elementor-id=\"380\" class=\"elementor elementor-380\" data-elementor-post-type=\"page\">\n\t\t\t\t\t\t<section data-particle_enable=\"false\" data-particle-mobile-disabled=\"false\" class=\"elementor-section elementor-top-section elementor-element elementor-element-21f7428a elementor-section-boxed elementor-section-height-default elementor-section-height-default\" data-id=\"21f7428a\" data-element_type=\"section\" data-e-type=\"section\" data-settings=\"{&quot;jet_parallax_layout_list&quot;:[],&quot;background_background&quot;:&quot;classic&quot;}\">\n\t\t\t\t\t\t<div class=\"elementor-container elementor-column-gap-default\">\n\t\t\t\t\t<div class=\"elementor-column elementor-col-100 elementor-top-column elementor-element elementor-element-39a793d8\" data-id=\"39a793d8\" data-element_type=\"column\" data-e-type=\"column\">\n\t\t\t<div class=\"elementor-widget-wrap elementor-element-populated\">\n\t\t\t\t\t\t<div class=\"elementor-element elementor-element-7b045827 elementor-widget elementor-widget-heading\" data-id=\"7b045827\" data-element_type=\"widget\" data-e-type=\"widget\" data-widget_type=\"heading.default\">\n\t\t\t\t<div class=\"elementor-widget-container\">\n\t\t\t\t\t<h2 class=\"elementor-heading-title elementor-size-default\">Crane services<\/h2>\t\t\t\t<\/div>\n\t\t\t\t<\/div>\n\t\t\t\t\t<\/div>\n\t\t<\/div>\n\t\t\t\t\t<\/div>\n\t\t<\/section>\n\t\t\t\t<section data-particle_enable=\"false\" data-particle-mobile-disabled=\"false\" class=\"elementor-section elementor-top-section elementor-element elementor-element-2778f4a8 elementor-section-full_width elementor-section-height-default elementor-section-height-default\" data-id=\"2778f4a8\" data-element_type=\"section\" data-e-type=\"section\" data-settings=\"{&quot;background_background&quot;:&quot;classic&quot;,&quot;jet_parallax_layout_list&quot;:[]}\">\n\t\t\t\t\t\t<div class=\"elementor-container elementor-column-gap-default\">\n\t\t\t\t\t<div class=\"elementor-column elementor-col-50 elementor-top-column elementor-element elementor-element-186ea15e\" data-id=\"186ea15e\" data-element_type=\"column\" data-e-type=\"column\" data-settings=\"{&quot;background_background&quot;:&quot;classic&quot;}\">\n\t\t\t<div class=\"elementor-widget-wrap elementor-element-populated\">\n\t\t\t\t\t\t<section data-particle_enable=\"false\" data-particle-mobile-disabled=\"false\" class=\"elementor-section elementor-inner-section elementor-element elementor-element-45745dc8 elementor-section-height-min-height elementor-section-content-middle elementor-section-boxed elementor-section-height-default\" data-id=\"45745dc8\" data-element_type=\"section\" data-e-type=\"section\" data-settings=\"{&quot;jet_parallax_layout_list&quot;:[],&quot;background_background&quot;:&quot;video&quot;,&quot;background_video_link&quot;:&quot;https:\\\/\\\/www.youtube.com\\\/watch?v=Rsgc_Hfg9io&quot;}\">\n\t\t\t\t\t\t\t\t<div class=\"elementor-background-video-container elementor-hidden-mobile\">\n\t\t\t\t\t\t\t\t\t\t\t\t\t<div class=\"elementor-background-video-embed\" role=\"presentation\"><\/div>\n\t\t\t\t\t\t\t\t\t\t\t\t<\/div>\n\t\t\t\t\t\t\t\t\t<div class=\"elementor-background-overlay\"><\/div>\n\t\t\t\t\t\t\t<div class=\"elementor-container elementor-column-gap-default\">\n\t\t\t\t\t<div class=\"elementor-column elementor-col-100 elementor-inner-column elementor-element elementor-element-6539fe5b\" data-id=\"6539fe5b\" data-element_type=\"column\" data-e-type=\"column\" data-settings=\"{&quot;background_background&quot;:&quot;classic&quot;}\">\n\t\t\t<div class=\"elementor-widget-wrap\">\n\t\t\t\t\t\t\t<\/div>\n\t\t<\/div>\n\t\t\t\t\t<\/div>\n\t\t<\/section>\n\t\t\t\t\t<\/div>\n\t\t<\/div>\n\t\t\t\t<div class=\"elementor-column elementor-col-50 elementor-top-column elementor-element elementor-element-6a1b8aa6\" data-id=\"6a1b8aa6\" data-element_type=\"column\" data-e-type=\"column\" data-settings=\"{&quot;background_background&quot;:&quot;classic&quot;}\">\n\t\t\t<div class=\"elementor-widget-wrap elementor-element-populated\">\n\t\t\t\t\t\t<div class=\"elementor-element elementor-element-2ab74f7f elementor-widget elementor-widget-heading\" data-id=\"2ab74f7f\" data-element_type=\"widget\" data-e-type=\"widget\" data-widget_type=\"heading.default\">\n\t\t\t\t<div class=\"elementor-widget-container\">\n\t\t\t\t\t<h2 class=\"elementor-heading-title elementor-size-default\">If the customer needs transshipment, we can also organise crane service in Hungary.<\/h2>\t\t\t\t<\/div>\n\t\t\t\t<\/div>\n\t\t\t\t<section data-particle_enable=\"false\" data-particle-mobile-disabled=\"false\" class=\"elementor-section elementor-inner-section elementor-element elementor-element-34699ac0 elementor-section-boxed elementor-section-height-default elementor-section-height-default\" data-id=\"34699ac0\" data-element_type=\"section\" data-e-type=\"section\" data-settings=\"{&quot;jet_parallax_layout_list&quot;:[]}\">\n\t\t\t\t\t\t<div class=\"elementor-container elementor-column-gap-default\">\n\t\t\t\t\t<div class=\"elementor-column elementor-col-50 elementor-inner-column elementor-element elementor-element-558ec7f7\" data-id=\"558ec7f7\" data-element_type=\"column\" data-e-type=\"column\">\n\t\t\t<div class=\"elementor-widget-wrap elementor-element-populated\">\n\t\t\t\t\t\t<div class=\"elementor-element elementor-element-7a59f796 elementor-widget elementor-widget-image\" data-id=\"7a59f796\" data-element_type=\"widget\" data-e-type=\"widget\" data-widget_type=\"image.default\">\n\t\t\t\t<div class=\"elementor-widget-container\">\n\t\t\t\t\t\t\t\t\t\t\t\t\t\t\t<img decoding=\"async\" width=\"212\" height=\"212\" src=\"https:\/\/flashcars.hu\/wp-content\/uploads\/2022\/05\/flashcars_tulmeretes_szallitmany_kiseres_tamas_akos.png\" class=\"attachment-medium size-medium wp-image-57\" alt=\"\" srcset=\"https:\/\/flashcars.hu\/wp-content\/uploads\/2022\/05\/flashcars_tulmeretes_szallitmany_kiseres_tamas_akos.png 212w, https:\/\/flashcars.hu\/wp-content\/uploads\/2022\/05\/flashcars_tulmeretes_szallitmany_kiseres_tamas_akos-150x150.png 150w\" sizes=\"(max-width: 212px) 100vw, 212px\" \/>\t\t\t\t\t\t\t\t\t\t\t\t\t\t\t<\/div>\n\t\t\t\t<\/div>\n\t\t\t\t\t<\/div>\n\t\t<\/div>\n\t\t\t\t<div class=\"elementor-column elementor-col-50 elementor-inner-column elementor-element elementor-element-2380ecbf\" data-id=\"2380ecbf\" data-element_type=\"column\" data-e-type=\"column\">\n\t\t\t<div class=\"elementor-widget-wrap elementor-element-populated\">\n\t\t\t\t\t\t<div class=\"elementor-element elementor-element-5f48a79b elementor-widget elementor-widget-heading\" data-id=\"5f48a79b\" data-element_type=\"widget\" data-e-type=\"widget\" data-widget_type=\"heading.default\">\n\t\t\t\t<div class=\"elementor-widget-container\">\n\t\t\t\t\t<span class=\"elementor-heading-title elementor-size-default\">Do you have any questions about our services?<\/span>\t\t\t\t<\/div>\n\t\t\t\t<\/div>\n\t\t\t\t<div class=\"elementor-element elementor-element-6dcdac1d elementor-widget elementor-widget-heading\" data-id=\"6dcdac1d\" data-element_type=\"widget\" data-e-type=\"widget\" data-widget_type=\"heading.default\">\n\t\t\t\t<div class=\"elementor-widget-container\">\n\t\t\t\t\t<span class=\"elementor-heading-title elementor-size-default\">CALL US!<\/span>\t\t\t\t<\/div>\n\t\t\t\t<\/div>\n\t\t\t\t<div class=\"elementor-element elementor-element-4aa28bbd elementor-widget elementor-widget-button\" data-id=\"4aa28bbd\" data-element_type=\"widget\" data-e-type=\"widget\" data-widget_type=\"button.default\">\n\t\t\t\t<div class=\"elementor-widget-container\">\n\t\t\t\t\t\t\t\t\t<div class=\"elementor-button-wrapper\">\n\t\t\t\t\t<a class=\"elementor-button elementor-button-link elementor-size-xs\" href=\"tel:%20+36%2020%20570%2096%2032\">\n\t\t\t\t\t\t<span class=\"elementor-button-content-wrapper\">\n\t\t\t\t\t\t\t\t\t<span class=\"elementor-button-text\">24\/7 hotline: +36 20 570 96 32<\/span>\n\t\t\t\t\t<\/span>\n\t\t\t\t\t<\/a>\n\t\t\t\t<\/div>\n\t\t\t\t\t\t\t\t<\/div>\n\t\t\t\t<\/div>\n\t\t\t\t\t<\/div>\n\t\t<\/div>\n\t\t\t\t\t<\/div>\n\t\t<\/section>\n\t\t\t\t<div class=\"elementor-element elementor-element-4480b4af elementor-widget elementor-widget-button\" data-id=\"4480b4af\" data-element_type=\"widget\" data-e-type=\"widget\" data-widget_type=\"button.default\">\n\t\t\t\t<div class=\"elementor-widget-container\">\n\t\t\t\t\t\t\t\t\t<div class=\"elementor-button-wrapper\">\n\t\t\t\t\t<a class=\"elementor-button elementor-button-link elementor-size-lg\" href=\"\/en\/request-for-quotation\/\">\n\t\t\t\t\t\t<span class=\"elementor-button-content-wrapper\">\n\t\t\t\t\t\t\t\t\t<span class=\"elementor-button-text\">Request for quotation<\/span>\n\t\t\t\t\t<\/span>\n\t\t\t\t\t<\/a>\n\t\t\t\t<\/div>\n\t\t\t\t\t\t\t\t<\/div>\n\t\t\t\t<\/div>\n\t\t\t\t\t<\/div>\n\t\t<\/div>\n\t\t\t\t\t<\/div>\n\t\t<\/section>\n\t\t\t\t<\/div>","protected":false},"excerpt":{"rendered":"<p>Daruz\u00e1s Amennyiben az \u00fcgyf\u00e9lnek sz\u00fcks\u00e9ge van \u00e1trakod\u00e1sra, \u00fagy daruz\u00e1st is meg tudunk szervezni Magyarorsz\u00e1g ter\u00fclet\u00e9n. K\u00e9rd\u00e9se van szolg\u00e1ltat\u00e1sainkkal kapcsolatban? H\u00cdVJON MINKET! 24\/7 hotline: +36 20 570 96 32 Aj\u00e1nlatk\u00e9r\u00e9s<\/p>","protected":false},"author":1,"featured_media":106,"parent":0,"menu_order":0,"comment_status":"closed","ping_status":"closed","template":"","meta":{"site-sidebar-layout":"no-sidebar","site-content-layout":"page-builder","ast-site-content-layout":"","site-content-style":"default","site-sidebar-style":"default","ast-global-header-display":"","ast-banner-title-visibility":"","ast-main-header-display":"","ast-hfb-above-header-display":"","ast-hfb-below-header-display":"","ast-hfb-mobile-header-display":"","site-post-title":"disabled","ast-breadcrumbs-content":"","ast-featured-img":"disabled","footer-sml-layout":"","theme-transparent-header-meta":"","adv-header-id-meta":"","stick-header-meta":"","header-above-stick-meta":"","header-main-stick-meta":"","header-below-stick-meta":"","astra-migrate-meta-layouts":"default","ast-page-background-enabled":"default","ast-page-background-meta":{"desktop":{"background-color":"var(--ast-global-color-4)","background-image":"","background-repeat":"repeat","background-position":"center center","background-size":"auto","background-attachment":"scroll","background-type":"","background-media":"","overlay-type":"","overlay-color":"","overlay-opacity":"","overlay-gradient":""},"tablet":{"background-color":"","background-image":"","background-repeat":"repeat","background-position":"center center","background-size":"auto","background-attachment":"scroll","background-type":"","background-media":"","overlay-type":"","overlay-color":"","overlay-opacity":"","overlay-gradient":""},"mobile":{"background-color":"","background-image":"","background-repeat":"repeat","background-position":"center center","background-size":"auto","background-attachment":"scroll","background-type":"","background-media":"","overlay-type":"","overlay-color":"","overlay-opacity":"","overlay-gradient":""}},"ast-content-background-meta":{"desktop":{"background-color":"var(--ast-global-color-5)","background-image":"","background-repeat":"repeat","background-position":"center center","background-size":"auto","background-attachment":"scroll","background-type":"","background-media":"","overlay-type":"","overlay-color":"","overlay-opacity":"","overlay-gradient":""},"tablet":{"background-color":"var(--ast-global-color-5)","background-image":"","background-repeat":"repeat","background-position":"center center","background-size":"auto","background-attachment":"scroll","background-type":"","background-media":"","overlay-type":"","overlay-color":"","overlay-opacity":"","overlay-gradient":""},"mobile":{"background-color":"var(--ast-global-color-5)","background-image":"","background-repeat":"repeat","background-position":"center center","background-size":"auto","background-attachment":"scroll","background-type":"","background-media":"","overlay-type":"","overlay-color":"","overlay-opacity":"","overlay-gradient":""}},"footnotes":""},"class_list":["post-380","page","type-page","status-publish","has-post-thumbnail","hentry"],"yoast_head":"<!-- This site is optimized with the Yoast SEO Premium plugin v26.2 (Yoast SEO v27.4) - https:\/\/yoast.com\/product\/yoast-seo-premium-wordpress\/ -->\n<title>Daruz\u00e1s - Flashcars.hu<\/title>\n<meta name=\"description\" content=\"Amennyiben az \u00fcgyf\u00e9lnek sz\u00fcks\u00e9ge van \u00e1trakod\u00e1sra, \u00fagy daruz\u00e1st is meg tudunk szervezni Magyarorsz\u00e1g ter\u00fclet\u00e9n.\" \/>\n<meta name=\"robots\" content=\"index, follow, max-snippet:-1, max-image-preview:large, max-video-preview:-1\" \/>\n<link rel=\"canonical\" href=\"https:\/\/flashcars.hu\/en\/crane-services\/\" \/>\n<meta property=\"og:locale\" content=\"en_GB\" \/>\n<meta property=\"og:type\" content=\"article\" \/>\n<meta property=\"og:title\" content=\"Flashcars - Sz\u00e1ll\u00edtm\u00e1ny daruz\u00e1s\" \/>\n<meta property=\"og:description\" content=\"Amennyiben az \u00fcgyf\u00e9lnek sz\u00fcks\u00e9ge van \u00e1trakod\u00e1sra, \u00fagy daruz\u00e1st is meg tudunk szervezni Magyarorsz\u00e1g ter\u00fclet\u00e9n.\" \/>\n<meta property=\"og:url\" content=\"https:\/\/flashcars.hu\/en\/crane-services\/\" \/>\n<meta property=\"og:site_name\" content=\"Flashcars.hu\" \/>\n<meta property=\"article:modified_time\" content=\"2022-06-15T20:11:05+00:00\" \/>\n<meta property=\"og:image\" content=\"https:\/\/flashcars.hu\/wp-content\/uploads\/2022\/06\/IMG_20211006_082540.jpg\" \/>\n\t<meta property=\"og:image:width\" content=\"1366\" \/>\n\t<meta property=\"og:image:height\" content=\"617\" \/>\n\t<meta property=\"og:image:type\" content=\"image\/jpeg\" \/>\n<meta name=\"twitter:card\" content=\"summary_large_image\" \/>\n<meta name=\"twitter:title\" content=\"Flashcars - Sz\u00e1ll\u00edtm\u00e1ny daruz\u00e1s\" \/>\n<meta name=\"twitter:description\" content=\"Amennyiben az \u00fcgyf\u00e9lnek sz\u00fcks\u00e9ge van \u00e1trakod\u00e1sra, \u00fagy daruz\u00e1st is meg tudunk szervezni Magyarorsz\u00e1g ter\u00fclet\u00e9n.\" \/>\n<meta name=\"twitter:image\" content=\"https:\/\/flashcars.hu\/wp-content\/uploads\/2022\/06\/IMG_20211006_082540.jpg\" \/>\n<meta name=\"twitter:label1\" content=\"Estimated reading time\" \/>\n\t<meta name=\"twitter:data1\" content=\"1 minute\" \/>\n<script type=\"application\/ld+json\" class=\"yoast-schema-graph\">{\"@context\":\"https:\\\/\\\/schema.org\",\"@graph\":[{\"@type\":\"WebPage\",\"@id\":\"https:\\\/\\\/flashcars.hu\\\/daruzas\\\/\",\"url\":\"https:\\\/\\\/flashcars.hu\\\/daruzas\\\/\",\"name\":\"Daruz\u00e1s - Flashcars.hu\",\"isPartOf\":{\"@id\":\"https:\\\/\\\/flashcars.hu\\\/#website\"},\"primaryImageOfPage\":{\"@id\":\"https:\\\/\\\/flashcars.hu\\\/daruzas\\\/#primaryimage\"},\"image\":{\"@id\":\"https:\\\/\\\/flashcars.hu\\\/daruzas\\\/#primaryimage\"},\"thumbnailUrl\":\"https:\\\/\\\/flashcars.hu\\\/wp-content\\\/uploads\\\/2022\\\/05\\\/flashcars_tulmeretes_szallitmany_kiseres_daruzas.jpg\",\"datePublished\":\"2022-06-04T20:19:44+00:00\",\"dateModified\":\"2022-06-15T20:11:05+00:00\",\"description\":\"Amennyiben az \u00fcgyf\u00e9lnek sz\u00fcks\u00e9ge van \u00e1trakod\u00e1sra, \u00fagy daruz\u00e1st is meg tudunk szervezni Magyarorsz\u00e1g ter\u00fclet\u00e9n.\",\"breadcrumb\":{\"@id\":\"https:\\\/\\\/flashcars.hu\\\/daruzas\\\/#breadcrumb\"},\"inLanguage\":\"en-GB\",\"potentialAction\":[{\"@type\":\"ReadAction\",\"target\":[\"https:\\\/\\\/flashcars.hu\\\/daruzas\\\/\"]}]},{\"@type\":\"ImageObject\",\"inLanguage\":\"en-GB\",\"@id\":\"https:\\\/\\\/flashcars.hu\\\/daruzas\\\/#primaryimage\",\"url\":\"https:\\\/\\\/flashcars.hu\\\/wp-content\\\/uploads\\\/2022\\\/05\\\/flashcars_tulmeretes_szallitmany_kiseres_daruzas.jpg\",\"contentUrl\":\"https:\\\/\\\/flashcars.hu\\\/wp-content\\\/uploads\\\/2022\\\/05\\\/flashcars_tulmeretes_szallitmany_kiseres_daruzas.jpg\",\"width\":1280,\"height\":578},{\"@type\":\"BreadcrumbList\",\"@id\":\"https:\\\/\\\/flashcars.hu\\\/daruzas\\\/#breadcrumb\",\"itemListElement\":[{\"@type\":\"ListItem\",\"position\":1,\"name\":\"Kezd\u0151lap\",\"item\":\"https:\\\/\\\/flashcars.hu\\\/\"},{\"@type\":\"ListItem\",\"position\":2,\"name\":\"Daruz\u00e1s\"}]},{\"@type\":\"WebSite\",\"@id\":\"https:\\\/\\\/flashcars.hu\\\/#website\",\"url\":\"https:\\\/\\\/flashcars.hu\\\/\",\"name\":\"Flashcars.hu\",\"description\":\"T\u00fals\u00falyos \u00e9s t\u00falm\u00e9retes sz\u00e1ll\u00edtm\u00e1nyok k\u00eds\u00e9rete \u00e9s a sz\u00fcks\u00e9ges \u00fatvonalenged\u00e9ly beszerz\u00e9se.\",\"publisher\":{\"@id\":\"https:\\\/\\\/flashcars.hu\\\/#organization\"},\"potentialAction\":[{\"@type\":\"SearchAction\",\"target\":{\"@type\":\"EntryPoint\",\"urlTemplate\":\"https:\\\/\\\/flashcars.hu\\\/?s={search_term_string}\"},\"query-input\":{\"@type\":\"PropertyValueSpecification\",\"valueRequired\":true,\"valueName\":\"search_term_string\"}}],\"inLanguage\":\"en-GB\"},{\"@type\":\"Organization\",\"@id\":\"https:\\\/\\\/flashcars.hu\\\/#organization\",\"name\":\"FlashCars Sz\u00e1ll\u00edtm\u00e1nyoz\u00e1si Kft.\",\"url\":\"https:\\\/\\\/flashcars.hu\\\/\",\"logo\":{\"@type\":\"ImageObject\",\"inLanguage\":\"en-GB\",\"@id\":\"https:\\\/\\\/flashcars.hu\\\/#\\\/schema\\\/logo\\\/image\\\/\",\"url\":\"http:\\\/\\\/flashcars.hu\\\/wp-content\\\/uploads\\\/2022\\\/05\\\/Logo-Horizontal-Light.png\",\"contentUrl\":\"http:\\\/\\\/flashcars.hu\\\/wp-content\\\/uploads\\\/2022\\\/05\\\/Logo-Horizontal-Light.png\",\"width\":1720,\"height\":258,\"caption\":\"FlashCars Sz\u00e1ll\u00edtm\u00e1nyoz\u00e1si Kft.\"},\"image\":{\"@id\":\"https:\\\/\\\/flashcars.hu\\\/#\\\/schema\\\/logo\\\/image\\\/\"}}]}<\/script>\n<!-- \/ Yoast SEO Premium plugin. -->","yoast_head_json":{"title":"Cranes - Flashcars.co.uk","description":"If the customer needs transshipment, we can also organise crane service in Hungary.","robots":{"index":"index","follow":"follow","max-snippet":"max-snippet:-1","max-image-preview":"max-image-preview:large","max-video-preview":"max-video-preview:-1"},"canonical":"https:\/\/flashcars.hu\/en\/crane-services\/","og_locale":"en_GB","og_type":"article","og_title":"Flashcars - Sz\u00e1ll\u00edtm\u00e1ny daruz\u00e1s","og_description":"Amennyiben az \u00fcgyf\u00e9lnek sz\u00fcks\u00e9ge van \u00e1trakod\u00e1sra, \u00fagy daruz\u00e1st is meg tudunk szervezni Magyarorsz\u00e1g ter\u00fclet\u00e9n.","og_url":"https:\/\/flashcars.hu\/en\/crane-services\/","og_site_name":"Flashcars.hu","article_modified_time":"2022-06-15T20:11:05+00:00","og_image":[{"width":1366,"height":617,"url":"https:\/\/flashcars.hu\/wp-content\/uploads\/2022\/06\/IMG_20211006_082540.jpg","type":"image\/jpeg"}],"twitter_card":"summary_large_image","twitter_title":"Flashcars - Sz\u00e1ll\u00edtm\u00e1ny daruz\u00e1s","twitter_description":"Amennyiben az \u00fcgyf\u00e9lnek sz\u00fcks\u00e9ge van \u00e1trakod\u00e1sra, \u00fagy daruz\u00e1st is meg tudunk szervezni Magyarorsz\u00e1g ter\u00fclet\u00e9n.","twitter_image":"https:\/\/flashcars.hu\/wp-content\/uploads\/2022\/06\/IMG_20211006_082540.jpg","twitter_misc":{"Estimated reading time":"1 minute"},"schema":{"@context":"https:\/\/schema.org","@graph":[{"@type":"WebPage","@id":"https:\/\/flashcars.hu\/daruzas\/","url":"https:\/\/flashcars.hu\/daruzas\/","name":"Cranes - Flashcars.co.uk","isPartOf":{"@id":"https:\/\/flashcars.hu\/#website"},"primaryImageOfPage":{"@id":"https:\/\/flashcars.hu\/daruzas\/#primaryimage"},"image":{"@id":"https:\/\/flashcars.hu\/daruzas\/#primaryimage"},"thumbnailUrl":"https:\/\/flashcars.hu\/wp-content\/uploads\/2022\/05\/flashcars_tulmeretes_szallitmany_kiseres_daruzas.jpg","datePublished":"2022-06-04T20:19:44+00:00","dateModified":"2022-06-15T20:11:05+00:00","description":"If the customer needs transshipment, we can also organise crane service in Hungary.","breadcrumb":{"@id":"https:\/\/flashcars.hu\/daruzas\/#breadcrumb"},"inLanguage":"en-GB","potentialAction":[{"@type":"ReadAction","target":["https:\/\/flashcars.hu\/daruzas\/"]}]},{"@type":"ImageObject","inLanguage":"en-GB","@id":"https:\/\/flashcars.hu\/daruzas\/#primaryimage","url":"https:\/\/flashcars.hu\/wp-content\/uploads\/2022\/05\/flashcars_tulmeretes_szallitmany_kiseres_daruzas.jpg","contentUrl":"https:\/\/flashcars.hu\/wp-content\/uploads\/2022\/05\/flashcars_tulmeretes_szallitmany_kiseres_daruzas.jpg","width":1280,"height":578},{"@type":"BreadcrumbList","@id":"https:\/\/flashcars.hu\/daruzas\/#breadcrumb","itemListElement":[{"@type":"ListItem","position":1,"name":"Kezd\u0151lap","item":"https:\/\/flashcars.hu\/"},{"@type":"ListItem","position":2,"name":"Daruz\u00e1s"}]},{"@type":"WebSite","@id":"https:\/\/flashcars.hu\/#website","url":"https:\/\/flashcars.hu\/","name":"Flashcars.hu","description":"Escort overweight and oversized shipments and obtain the necessary route licence.","publisher":{"@id":"https:\/\/flashcars.hu\/#organization"},"potentialAction":[{"@type":"SearchAction","target":{"@type":"EntryPoint","urlTemplate":"https:\/\/flashcars.hu\/?s={search_term_string}"},"query-input":{"@type":"PropertyValueSpecification","valueRequired":true,"valueName":"search_term_string"}}],"inLanguage":"en-GB"},{"@type":"Organization","@id":"https:\/\/flashcars.hu\/#organization","name":"FlashCars Transportation Ltd.","url":"https:\/\/flashcars.hu\/","logo":{"@type":"ImageObject","inLanguage":"en-GB","@id":"https:\/\/flashcars.hu\/#\/schema\/logo\/image\/","url":"http:\/\/flashcars.hu\/wp-content\/uploads\/2022\/05\/Logo-Horizontal-Light.png","contentUrl":"http:\/\/flashcars.hu\/wp-content\/uploads\/2022\/05\/Logo-Horizontal-Light.png","width":1720,"height":258,"caption":"FlashCars Sz\u00e1ll\u00edtm\u00e1nyoz\u00e1si Kft."},"image":{"@id":"https:\/\/flashcars.hu\/#\/schema\/logo\/image\/"}}]}},"_links":{"self":[{"href":"https:\/\/flashcars.hu\/en\/wp-json\/wp\/v2\/pages\/380","targetHints":{"allow":["GET"]}}],"collection":[{"href":"https:\/\/flashcars.hu\/en\/wp-json\/wp\/v2\/pages"}],"about":[{"href":"https:\/\/flashcars.hu\/en\/wp-json\/wp\/v2\/types\/page"}],"author":[{"embeddable":true,"href":"https:\/\/flashcars.hu\/en\/wp-json\/wp\/v2\/users\/1"}],"replies":[{"embeddable":true,"href":"https:\/\/flashcars.hu\/en\/wp-json\/wp\/v2\/comments?post=380"}],"version-history":[{"count":16,"href":"https:\/\/flashcars.hu\/en\/wp-json\/wp\/v2\/pages\/380\/revisions"}],"predecessor-version":[{"id":794,"href":"https:\/\/flashcars.hu\/en\/wp-json\/wp\/v2\/pages\/380\/revisions\/794"}],"wp:featuredmedia":[{"embeddable":true,"href":"https:\/\/flashcars.hu\/en\/wp-json\/wp\/v2\/media\/106"}],"wp:attachment":[{"href":"https:\/\/flashcars.hu\/en\/wp-json\/wp\/v2\/media?parent=380"}],"curies":[{"name":"wp","href":"https:\/\/api.w.org\/{rel}","templated":true}]}}