{"id":362,"date":"2022-06-04T20:10:47","date_gmt":"2022-06-04T20:10:47","guid":{"rendered":"https:\/\/flashcars.hu\/?page_id=362"},"modified":"2022-06-15T20:14:58","modified_gmt":"2022-06-15T20:14:58","slug":"obstacle-removal","status":"publish","type":"page","link":"https:\/\/flashcars.hu\/en\/obstacle-removal\/","title":{"rendered":"Obstacle removal"},"content":{"rendered":"<div data-elementor-type=\"wp-page\" data-elementor-id=\"362\" class=\"elementor elementor-362\" data-elementor-post-type=\"page\">\n\t\t\t\t\t\t<section data-particle_enable=\"false\" data-particle-mobile-disabled=\"false\" class=\"elementor-section elementor-top-section elementor-element elementor-element-54f9543 elementor-section-boxed elementor-section-height-default elementor-section-height-default\" data-id=\"54f9543\" data-element_type=\"section\" data-e-type=\"section\" data-settings=\"{&quot;jet_parallax_layout_list&quot;:[],&quot;background_background&quot;:&quot;classic&quot;}\">\n\t\t\t\t\t\t<div class=\"elementor-container elementor-column-gap-default\">\n\t\t\t\t\t<div class=\"elementor-column elementor-col-100 elementor-top-column elementor-element elementor-element-449e787\" data-id=\"449e787\" data-element_type=\"column\" data-e-type=\"column\">\n\t\t\t<div class=\"elementor-widget-wrap elementor-element-populated\">\n\t\t\t\t\t\t<div class=\"elementor-element elementor-element-d1dab88 elementor-widget elementor-widget-heading\" data-id=\"d1dab88\" data-element_type=\"widget\" data-e-type=\"widget\" data-widget_type=\"heading.default\">\n\t\t\t\t<div class=\"elementor-widget-container\">\n\t\t\t\t\t<h2 class=\"elementor-heading-title elementor-size-default\">Obstacle removal<\/h2>\t\t\t\t<\/div>\n\t\t\t\t<\/div>\n\t\t\t\t\t<\/div>\n\t\t<\/div>\n\t\t\t\t\t<\/div>\n\t\t<\/section>\n\t\t\t\t<section data-particle_enable=\"false\" data-particle-mobile-disabled=\"false\" class=\"elementor-section elementor-top-section elementor-element elementor-element-3dedd19 elementor-section-full_width elementor-section-height-default elementor-section-height-default\" data-id=\"3dedd19\" data-element_type=\"section\" data-e-type=\"section\" data-settings=\"{&quot;background_background&quot;:&quot;classic&quot;,&quot;jet_parallax_layout_list&quot;:[]}\">\n\t\t\t\t\t\t<div class=\"elementor-container elementor-column-gap-default\">\n\t\t\t\t\t<div class=\"elementor-column elementor-col-50 elementor-top-column elementor-element elementor-element-eb4b5f3\" data-id=\"eb4b5f3\" data-element_type=\"column\" data-e-type=\"column\" data-settings=\"{&quot;background_background&quot;:&quot;classic&quot;}\">\n\t\t\t<div class=\"elementor-widget-wrap elementor-element-populated\">\n\t\t\t\t\t\t<section data-particle_enable=\"false\" data-particle-mobile-disabled=\"false\" class=\"elementor-section elementor-inner-section elementor-element elementor-element-571a54e elementor-section-height-min-height elementor-section-content-middle elementor-section-boxed elementor-section-height-default\" data-id=\"571a54e\" data-element_type=\"section\" data-e-type=\"section\" data-settings=\"{&quot;jet_parallax_layout_list&quot;:[],&quot;background_background&quot;:&quot;classic&quot;}\">\n\t\t\t\t\t\t\t<div class=\"elementor-background-overlay\"><\/div>\n\t\t\t\t\t\t\t<div class=\"elementor-container elementor-column-gap-default\">\n\t\t\t\t\t<div class=\"elementor-column elementor-col-100 elementor-inner-column elementor-element elementor-element-012b79b\" data-id=\"012b79b\" data-element_type=\"column\" data-e-type=\"column\" data-settings=\"{&quot;background_background&quot;:&quot;classic&quot;}\">\n\t\t\t<div class=\"elementor-widget-wrap\">\n\t\t\t\t\t\t\t<\/div>\n\t\t<\/div>\n\t\t\t\t\t<\/div>\n\t\t<\/section>\n\t\t\t\t\t<\/div>\n\t\t<\/div>\n\t\t\t\t<div class=\"elementor-column elementor-col-50 elementor-top-column elementor-element elementor-element-3bed31a\" data-id=\"3bed31a\" data-element_type=\"column\" data-e-type=\"column\" data-settings=\"{&quot;background_background&quot;:&quot;classic&quot;}\">\n\t\t\t<div class=\"elementor-widget-wrap elementor-element-populated\">\n\t\t\t\t\t\t<div class=\"elementor-element elementor-element-548aba5 elementor-widget elementor-widget-heading\" data-id=\"548aba5\" data-element_type=\"widget\" data-e-type=\"widget\" data-widget_type=\"heading.default\">\n\t\t\t\t<div class=\"elementor-widget-container\">\n\t\t\t\t\t<h2 class=\"elementor-heading-title elementor-size-default\">It may be necessary to temporarily dismantle a sign, a traffic light, or other roadside or over-the-road barrier for the vehicle to pass. We can do this ourselves, but there are jobs that need to be subcontracted due to the complexity of the work.<\/h2>\t\t\t\t<\/div>\n\t\t\t\t<\/div>\n\t\t\t\t<section data-particle_enable=\"false\" data-particle-mobile-disabled=\"false\" class=\"elementor-section elementor-inner-section elementor-element elementor-element-64bdfb7 elementor-section-boxed elementor-section-height-default elementor-section-height-default\" data-id=\"64bdfb7\" data-element_type=\"section\" data-e-type=\"section\" data-settings=\"{&quot;jet_parallax_layout_list&quot;:[]}\">\n\t\t\t\t\t\t<div class=\"elementor-container elementor-column-gap-default\">\n\t\t\t\t\t<div class=\"elementor-column elementor-col-50 elementor-inner-column elementor-element elementor-element-281072a\" data-id=\"281072a\" data-element_type=\"column\" data-e-type=\"column\">\n\t\t\t<div class=\"elementor-widget-wrap elementor-element-populated\">\n\t\t\t\t\t\t<div class=\"elementor-element elementor-element-99eda5d elementor-widget elementor-widget-image\" data-id=\"99eda5d\" data-element_type=\"widget\" data-e-type=\"widget\" data-widget_type=\"image.default\">\n\t\t\t\t<div class=\"elementor-widget-container\">\n\t\t\t\t\t\t\t\t\t\t\t\t\t\t\t<img decoding=\"async\" width=\"212\" height=\"212\" src=\"https:\/\/flashcars.hu\/wp-content\/uploads\/2022\/05\/flashcars_tulmeretes_szallitmany_kiseres_tamas_akos.png\" class=\"attachment-medium size-medium wp-image-57\" alt=\"\" srcset=\"https:\/\/flashcars.hu\/wp-content\/uploads\/2022\/05\/flashcars_tulmeretes_szallitmany_kiseres_tamas_akos.png 212w, https:\/\/flashcars.hu\/wp-content\/uploads\/2022\/05\/flashcars_tulmeretes_szallitmany_kiseres_tamas_akos-150x150.png 150w\" sizes=\"(max-width: 212px) 100vw, 212px\" \/>\t\t\t\t\t\t\t\t\t\t\t\t\t\t\t<\/div>\n\t\t\t\t<\/div>\n\t\t\t\t\t<\/div>\n\t\t<\/div>\n\t\t\t\t<div class=\"elementor-column elementor-col-50 elementor-inner-column elementor-element elementor-element-0057a27\" data-id=\"0057a27\" data-element_type=\"column\" data-e-type=\"column\">\n\t\t\t<div class=\"elementor-widget-wrap elementor-element-populated\">\n\t\t\t\t\t\t<div class=\"elementor-element elementor-element-7da8c06 elementor-widget elementor-widget-heading\" data-id=\"7da8c06\" data-element_type=\"widget\" data-e-type=\"widget\" data-widget_type=\"heading.default\">\n\t\t\t\t<div class=\"elementor-widget-container\">\n\t\t\t\t\t<span class=\"elementor-heading-title elementor-size-default\">Do you have any questions about our services?<\/span>\t\t\t\t<\/div>\n\t\t\t\t<\/div>\n\t\t\t\t<div class=\"elementor-element elementor-element-488a07c elementor-widget elementor-widget-heading\" data-id=\"488a07c\" data-element_type=\"widget\" data-e-type=\"widget\" data-widget_type=\"heading.default\">\n\t\t\t\t<div class=\"elementor-widget-container\">\n\t\t\t\t\t<span class=\"elementor-heading-title elementor-size-default\">CALL US!<\/span>\t\t\t\t<\/div>\n\t\t\t\t<\/div>\n\t\t\t\t\t<\/div>\n\t\t<\/div>\n\t\t\t\t\t<\/div>\n\t\t<\/section>\n\t\t\t\t<div class=\"elementor-element elementor-element-d0356d1 elementor-widget elementor-widget-button\" data-id=\"d0356d1\" data-element_type=\"widget\" data-e-type=\"widget\" data-widget_type=\"button.default\">\n\t\t\t\t<div class=\"elementor-widget-container\">\n\t\t\t\t\t\t\t\t\t<div class=\"elementor-button-wrapper\">\n\t\t\t\t\t<a class=\"elementor-button elementor-button-link elementor-size-lg\" href=\"\/en\/request-for-quotation\/\">\n\t\t\t\t\t\t<span class=\"elementor-button-content-wrapper\">\n\t\t\t\t\t\t\t\t\t<span class=\"elementor-button-text\">Request for quotation<\/span>\n\t\t\t\t\t<\/span>\n\t\t\t\t\t<\/a>\n\t\t\t\t<\/div>\n\t\t\t\t\t\t\t\t<\/div>\n\t\t\t\t<\/div>\n\t\t\t\t<div class=\"elementor-element elementor-element-03e50a5 elementor-widget elementor-widget-button\" data-id=\"03e50a5\" data-element_type=\"widget\" data-e-type=\"widget\" data-widget_type=\"button.default\">\n\t\t\t\t<div class=\"elementor-widget-container\">\n\t\t\t\t\t\t\t\t\t<div class=\"elementor-button-wrapper\">\n\t\t\t\t\t<a class=\"elementor-button elementor-button-link elementor-size-xs\" href=\"tel:%20+36%2020%20570%2096%2032\">\n\t\t\t\t\t\t<span class=\"elementor-button-content-wrapper\">\n\t\t\t\t\t\t\t\t\t<span class=\"elementor-button-text\">24\/7 hotline: +36 20 570 96 32<\/span>\n\t\t\t\t\t<\/span>\n\t\t\t\t\t<\/a>\n\t\t\t\t<\/div>\n\t\t\t\t\t\t\t\t<\/div>\n\t\t\t\t<\/div>\n\t\t\t\t\t<\/div>\n\t\t<\/div>\n\t\t\t\t\t<\/div>\n\t\t<\/section>\n\t\t\t\t<\/div>","protected":false},"excerpt":{"rendered":"<p>Akad\u00e1lybont\u00e1s El\u0151fordul, hogy a j\u00e1rm\u0171 \u00e1thalad\u00e1s\u00e1hoz ideiglenesen jelz\u0151t\u00e1bl\u00e1t, jelz\u0151l\u00e1mp\u00e1t, vagy m\u00e1s \u00fatmenti, vagy \u00fat feletti akad\u00e1lyt bontani kell. Ezt mi magunk is meg tudjuk csin\u00e1lni, azonban vannak olyan munk\u00e1k, amikor alv\u00e1llalkoz\u00f3t kell alkalmazni a munka \u00f6sszetetts\u00e9ge miatt. K\u00e9rd\u00e9se van szolg\u00e1ltat\u00e1sainkkal kapcsolatban? H\u00cdVJON MINKET! Aj\u00e1nlatk\u00e9r\u00e9s 24\/7 hotline: +36 20 570 96 32<\/p>","protected":false},"author":1,"featured_media":367,"parent":0,"menu_order":0,"comment_status":"closed","ping_status":"closed","template":"","meta":{"site-sidebar-layout":"no-sidebar","site-content-layout":"page-builder","ast-site-content-layout":"","site-content-style":"default","site-sidebar-style":"default","ast-global-header-display":"","ast-banner-title-visibility":"","ast-main-header-display":"","ast-hfb-above-header-display":"","ast-hfb-below-header-display":"","ast-hfb-mobile-header-display":"","site-post-title":"disabled","ast-breadcrumbs-content":"","ast-featured-img":"disabled","footer-sml-layout":"","theme-transparent-header-meta":"","adv-header-id-meta":"","stick-header-meta":"","header-above-stick-meta":"","header-main-stick-meta":"","header-below-stick-meta":"","astra-migrate-meta-layouts":"default","ast-page-background-enabled":"default","ast-page-background-meta":{"desktop":{"background-color":"var(--ast-global-color-4)","background-image":"","background-repeat":"repeat","background-position":"center center","background-size":"auto","background-attachment":"scroll","background-type":"","background-media":"","overlay-type":"","overlay-color":"","overlay-opacity":"","overlay-gradient":""},"tablet":{"background-color":"","background-image":"","background-repeat":"repeat","background-position":"center center","background-size":"auto","background-attachment":"scroll","background-type":"","background-media":"","overlay-type":"","overlay-color":"","overlay-opacity":"","overlay-gradient":""},"mobile":{"background-color":"","background-image":"","background-repeat":"repeat","background-position":"center center","background-size":"auto","background-attachment":"scroll","background-type":"","background-media":"","overlay-type":"","overlay-color":"","overlay-opacity":"","overlay-gradient":""}},"ast-content-background-meta":{"desktop":{"background-color":"var(--ast-global-color-5)","background-image":"","background-repeat":"repeat","background-position":"center center","background-size":"auto","background-attachment":"scroll","background-type":"","background-media":"","overlay-type":"","overlay-color":"","overlay-opacity":"","overlay-gradient":""},"tablet":{"background-color":"var(--ast-global-color-5)","background-image":"","background-repeat":"repeat","background-position":"center center","background-size":"auto","background-attachment":"scroll","background-type":"","background-media":"","overlay-type":"","overlay-color":"","overlay-opacity":"","overlay-gradient":""},"mobile":{"background-color":"var(--ast-global-color-5)","background-image":"","background-repeat":"repeat","background-position":"center center","background-size":"auto","background-attachment":"scroll","background-type":"","background-media":"","overlay-type":"","overlay-color":"","overlay-opacity":"","overlay-gradient":""}},"footnotes":""},"class_list":["post-362","page","type-page","status-publish","has-post-thumbnail","hentry"],"yoast_head":"<!-- This site is optimized with the Yoast SEO Premium plugin v26.2 (Yoast SEO v27.4) - https:\/\/yoast.com\/product\/yoast-seo-premium-wordpress\/ -->\n<title>Akad\u00e1lybont\u00e1s - Flashcars.hu<\/title>\n<meta name=\"description\" content=\"El\u0151fordul, hogy a j\u00e1rm\u0171 \u00e1thalad\u00e1s\u00e1hoz ideiglenesen \u00fatmenti, vagy \u00fat feletti akad\u00e1lyt bontani kell. A megold\u00e1sban seg\u00edts\u00e9g\u00e9re lesz\u00fcnk.\" \/>\n<meta name=\"robots\" content=\"index, follow, max-snippet:-1, max-image-preview:large, max-video-preview:-1\" \/>\n<link rel=\"canonical\" href=\"https:\/\/flashcars.hu\/en\/obstacle-removal\/\" \/>\n<meta property=\"og:locale\" content=\"en_GB\" \/>\n<meta property=\"og:type\" content=\"article\" \/>\n<meta property=\"og:title\" content=\"Flashcars - Akad\u00e1lybont\u00e1s\" \/>\n<meta property=\"og:description\" content=\"El\u0151fordul, hogy a j\u00e1rm\u0171 \u00e1thalad\u00e1s\u00e1hoz ideiglenesen \u00fatmenti, vagy \u00fat feletti akad\u00e1lyt bontani kell. A megold\u00e1sban seg\u00edts\u00e9g\u00e9re lesz\u00fcnk.\" \/>\n<meta property=\"og:url\" content=\"https:\/\/flashcars.hu\/en\/obstacle-removal\/\" \/>\n<meta property=\"og:site_name\" content=\"Flashcars.hu\" \/>\n<meta property=\"article:modified_time\" content=\"2022-06-15T20:14:58+00:00\" \/>\n<meta property=\"og:image\" content=\"https:\/\/flashcars.hu\/wp-content\/uploads\/2022\/06\/flashcars_tulmeretes_szallitmany_kiseres_akadalybontas2.jpg\" \/>\n\t<meta property=\"og:image:width\" content=\"1280\" \/>\n\t<meta property=\"og:image:height\" content=\"604\" \/>\n\t<meta property=\"og:image:type\" content=\"image\/jpeg\" \/>\n<meta name=\"twitter:card\" content=\"summary_large_image\" \/>\n<meta name=\"twitter:title\" content=\"Flashcars - Akad\u00e1lybont\u00e1s\" \/>\n<meta name=\"twitter:description\" content=\"El\u0151fordul, hogy a j\u00e1rm\u0171 \u00e1thalad\u00e1s\u00e1hoz ideiglenesen \u00fatmenti, vagy \u00fat feletti akad\u00e1lyt bontani kell. A megold\u00e1sban seg\u00edts\u00e9g\u00e9re lesz\u00fcnk.\" \/>\n<meta name=\"twitter:image\" content=\"https:\/\/flashcars.hu\/wp-content\/uploads\/2022\/06\/flashcars_tulmeretes_szallitmany_kiseres_akadalybontas2.jpg\" \/>\n<meta name=\"twitter:label1\" content=\"Estimated reading time\" \/>\n\t<meta name=\"twitter:data1\" content=\"1 minute\" \/>\n<script type=\"application\/ld+json\" class=\"yoast-schema-graph\">{\"@context\":\"https:\\\/\\\/schema.org\",\"@graph\":[{\"@type\":\"WebPage\",\"@id\":\"https:\\\/\\\/flashcars.hu\\\/akadalybontas\\\/\",\"url\":\"https:\\\/\\\/flashcars.hu\\\/akadalybontas\\\/\",\"name\":\"Akad\u00e1lybont\u00e1s - Flashcars.hu\",\"isPartOf\":{\"@id\":\"https:\\\/\\\/flashcars.hu\\\/#website\"},\"primaryImageOfPage\":{\"@id\":\"https:\\\/\\\/flashcars.hu\\\/akadalybontas\\\/#primaryimage\"},\"image\":{\"@id\":\"https:\\\/\\\/flashcars.hu\\\/akadalybontas\\\/#primaryimage\"},\"thumbnailUrl\":\"https:\\\/\\\/flashcars.hu\\\/wp-content\\\/uploads\\\/2022\\\/06\\\/flashcars_tulmeretes_szallitmany_kiseres_akadalybontas2.jpg\",\"datePublished\":\"2022-06-04T20:10:47+00:00\",\"dateModified\":\"2022-06-15T20:14:58+00:00\",\"description\":\"El\u0151fordul, hogy a j\u00e1rm\u0171 \u00e1thalad\u00e1s\u00e1hoz ideiglenesen \u00fatmenti, vagy \u00fat feletti akad\u00e1lyt bontani kell. A megold\u00e1sban seg\u00edts\u00e9g\u00e9re lesz\u00fcnk.\",\"breadcrumb\":{\"@id\":\"https:\\\/\\\/flashcars.hu\\\/akadalybontas\\\/#breadcrumb\"},\"inLanguage\":\"en-GB\",\"potentialAction\":[{\"@type\":\"ReadAction\",\"target\":[\"https:\\\/\\\/flashcars.hu\\\/akadalybontas\\\/\"]}]},{\"@type\":\"ImageObject\",\"inLanguage\":\"en-GB\",\"@id\":\"https:\\\/\\\/flashcars.hu\\\/akadalybontas\\\/#primaryimage\",\"url\":\"https:\\\/\\\/flashcars.hu\\\/wp-content\\\/uploads\\\/2022\\\/06\\\/flashcars_tulmeretes_szallitmany_kiseres_akadalybontas2.jpg\",\"contentUrl\":\"https:\\\/\\\/flashcars.hu\\\/wp-content\\\/uploads\\\/2022\\\/06\\\/flashcars_tulmeretes_szallitmany_kiseres_akadalybontas2.jpg\",\"width\":1280,\"height\":604},{\"@type\":\"BreadcrumbList\",\"@id\":\"https:\\\/\\\/flashcars.hu\\\/akadalybontas\\\/#breadcrumb\",\"itemListElement\":[{\"@type\":\"ListItem\",\"position\":1,\"name\":\"Kezd\u0151lap\",\"item\":\"https:\\\/\\\/flashcars.hu\\\/\"},{\"@type\":\"ListItem\",\"position\":2,\"name\":\"Akad\u00e1lybont\u00e1s\"}]},{\"@type\":\"WebSite\",\"@id\":\"https:\\\/\\\/flashcars.hu\\\/#website\",\"url\":\"https:\\\/\\\/flashcars.hu\\\/\",\"name\":\"Flashcars.hu\",\"description\":\"T\u00fals\u00falyos \u00e9s t\u00falm\u00e9retes sz\u00e1ll\u00edtm\u00e1nyok k\u00eds\u00e9rete \u00e9s a sz\u00fcks\u00e9ges \u00fatvonalenged\u00e9ly beszerz\u00e9se.\",\"publisher\":{\"@id\":\"https:\\\/\\\/flashcars.hu\\\/#organization\"},\"potentialAction\":[{\"@type\":\"SearchAction\",\"target\":{\"@type\":\"EntryPoint\",\"urlTemplate\":\"https:\\\/\\\/flashcars.hu\\\/?s={search_term_string}\"},\"query-input\":{\"@type\":\"PropertyValueSpecification\",\"valueRequired\":true,\"valueName\":\"search_term_string\"}}],\"inLanguage\":\"en-GB\"},{\"@type\":\"Organization\",\"@id\":\"https:\\\/\\\/flashcars.hu\\\/#organization\",\"name\":\"FlashCars Sz\u00e1ll\u00edtm\u00e1nyoz\u00e1si Kft.\",\"url\":\"https:\\\/\\\/flashcars.hu\\\/\",\"logo\":{\"@type\":\"ImageObject\",\"inLanguage\":\"en-GB\",\"@id\":\"https:\\\/\\\/flashcars.hu\\\/#\\\/schema\\\/logo\\\/image\\\/\",\"url\":\"http:\\\/\\\/flashcars.hu\\\/wp-content\\\/uploads\\\/2022\\\/05\\\/Logo-Horizontal-Light.png\",\"contentUrl\":\"http:\\\/\\\/flashcars.hu\\\/wp-content\\\/uploads\\\/2022\\\/05\\\/Logo-Horizontal-Light.png\",\"width\":1720,\"height\":258,\"caption\":\"FlashCars Sz\u00e1ll\u00edtm\u00e1nyoz\u00e1si Kft.\"},\"image\":{\"@id\":\"https:\\\/\\\/flashcars.hu\\\/#\\\/schema\\\/logo\\\/image\\\/\"}}]}<\/script>\n<!-- \/ Yoast SEO Premium plugin. -->","yoast_head_json":{"title":"Obstacle resolution - Flashcars.hu","description":"Sometimes, a temporary roadside or roadside barrier may need to be removed to allow a vehicle to pass. We will help you with the solution.","robots":{"index":"index","follow":"follow","max-snippet":"max-snippet:-1","max-image-preview":"max-image-preview:large","max-video-preview":"max-video-preview:-1"},"canonical":"https:\/\/flashcars.hu\/en\/obstacle-removal\/","og_locale":"en_GB","og_type":"article","og_title":"Flashcars - Akad\u00e1lybont\u00e1s","og_description":"El\u0151fordul, hogy a j\u00e1rm\u0171 \u00e1thalad\u00e1s\u00e1hoz ideiglenesen \u00fatmenti, vagy \u00fat feletti akad\u00e1lyt bontani kell. A megold\u00e1sban seg\u00edts\u00e9g\u00e9re lesz\u00fcnk.","og_url":"https:\/\/flashcars.hu\/en\/obstacle-removal\/","og_site_name":"Flashcars.hu","article_modified_time":"2022-06-15T20:14:58+00:00","og_image":[{"width":1280,"height":604,"url":"https:\/\/flashcars.hu\/wp-content\/uploads\/2022\/06\/flashcars_tulmeretes_szallitmany_kiseres_akadalybontas2.jpg","type":"image\/jpeg"}],"twitter_card":"summary_large_image","twitter_title":"Flashcars - Akad\u00e1lybont\u00e1s","twitter_description":"El\u0151fordul, hogy a j\u00e1rm\u0171 \u00e1thalad\u00e1s\u00e1hoz ideiglenesen \u00fatmenti, vagy \u00fat feletti akad\u00e1lyt bontani kell. A megold\u00e1sban seg\u00edts\u00e9g\u00e9re lesz\u00fcnk.","twitter_image":"https:\/\/flashcars.hu\/wp-content\/uploads\/2022\/06\/flashcars_tulmeretes_szallitmany_kiseres_akadalybontas2.jpg","twitter_misc":{"Estimated reading time":"1 minute"},"schema":{"@context":"https:\/\/schema.org","@graph":[{"@type":"WebPage","@id":"https:\/\/flashcars.hu\/akadalybontas\/","url":"https:\/\/flashcars.hu\/akadalybontas\/","name":"Obstacle resolution - Flashcars.hu","isPartOf":{"@id":"https:\/\/flashcars.hu\/#website"},"primaryImageOfPage":{"@id":"https:\/\/flashcars.hu\/akadalybontas\/#primaryimage"},"image":{"@id":"https:\/\/flashcars.hu\/akadalybontas\/#primaryimage"},"thumbnailUrl":"https:\/\/flashcars.hu\/wp-content\/uploads\/2022\/06\/flashcars_tulmeretes_szallitmany_kiseres_akadalybontas2.jpg","datePublished":"2022-06-04T20:10:47+00:00","dateModified":"2022-06-15T20:14:58+00:00","description":"Sometimes, a temporary roadside or roadside barrier may need to be removed to allow a vehicle to pass. We will help you with the solution.","breadcrumb":{"@id":"https:\/\/flashcars.hu\/akadalybontas\/#breadcrumb"},"inLanguage":"en-GB","potentialAction":[{"@type":"ReadAction","target":["https:\/\/flashcars.hu\/akadalybontas\/"]}]},{"@type":"ImageObject","inLanguage":"en-GB","@id":"https:\/\/flashcars.hu\/akadalybontas\/#primaryimage","url":"https:\/\/flashcars.hu\/wp-content\/uploads\/2022\/06\/flashcars_tulmeretes_szallitmany_kiseres_akadalybontas2.jpg","contentUrl":"https:\/\/flashcars.hu\/wp-content\/uploads\/2022\/06\/flashcars_tulmeretes_szallitmany_kiseres_akadalybontas2.jpg","width":1280,"height":604},{"@type":"BreadcrumbList","@id":"https:\/\/flashcars.hu\/akadalybontas\/#breadcrumb","itemListElement":[{"@type":"ListItem","position":1,"name":"Kezd\u0151lap","item":"https:\/\/flashcars.hu\/"},{"@type":"ListItem","position":2,"name":"Akad\u00e1lybont\u00e1s"}]},{"@type":"WebSite","@id":"https:\/\/flashcars.hu\/#website","url":"https:\/\/flashcars.hu\/","name":"Flashcars.hu","description":"Escort overweight and oversized shipments and obtain the necessary route licence.","publisher":{"@id":"https:\/\/flashcars.hu\/#organization"},"potentialAction":[{"@type":"SearchAction","target":{"@type":"EntryPoint","urlTemplate":"https:\/\/flashcars.hu\/?s={search_term_string}"},"query-input":{"@type":"PropertyValueSpecification","valueRequired":true,"valueName":"search_term_string"}}],"inLanguage":"en-GB"},{"@type":"Organization","@id":"https:\/\/flashcars.hu\/#organization","name":"FlashCars Transportation Ltd.","url":"https:\/\/flashcars.hu\/","logo":{"@type":"ImageObject","inLanguage":"en-GB","@id":"https:\/\/flashcars.hu\/#\/schema\/logo\/image\/","url":"http:\/\/flashcars.hu\/wp-content\/uploads\/2022\/05\/Logo-Horizontal-Light.png","contentUrl":"http:\/\/flashcars.hu\/wp-content\/uploads\/2022\/05\/Logo-Horizontal-Light.png","width":1720,"height":258,"caption":"FlashCars Sz\u00e1ll\u00edtm\u00e1nyoz\u00e1si Kft."},"image":{"@id":"https:\/\/flashcars.hu\/#\/schema\/logo\/image\/"}}]}},"_links":{"self":[{"href":"https:\/\/flashcars.hu\/en\/wp-json\/wp\/v2\/pages\/362","targetHints":{"allow":["GET"]}}],"collection":[{"href":"https:\/\/flashcars.hu\/en\/wp-json\/wp\/v2\/pages"}],"about":[{"href":"https:\/\/flashcars.hu\/en\/wp-json\/wp\/v2\/types\/page"}],"author":[{"embeddable":true,"href":"https:\/\/flashcars.hu\/en\/wp-json\/wp\/v2\/users\/1"}],"replies":[{"embeddable":true,"href":"https:\/\/flashcars.hu\/en\/wp-json\/wp\/v2\/comments?post=362"}],"version-history":[{"count":25,"href":"https:\/\/flashcars.hu\/en\/wp-json\/wp\/v2\/pages\/362\/revisions"}],"predecessor-version":[{"id":800,"href":"https:\/\/flashcars.hu\/en\/wp-json\/wp\/v2\/pages\/362\/revisions\/800"}],"wp:featuredmedia":[{"embeddable":true,"href":"https:\/\/flashcars.hu\/en\/wp-json\/wp\/v2\/media\/367"}],"wp:attachment":[{"href":"https:\/\/flashcars.hu\/en\/wp-json\/wp\/v2\/media?parent=362"}],"curies":[{"name":"wp","href":"https:\/\/api.w.org\/{rel}","templated":true}]}}