{"id":386,"date":"2022-06-04T20:22:30","date_gmt":"2022-06-04T20:22:30","guid":{"rendered":"https:\/\/flashcars.hu\/?page_id=386"},"modified":"2022-06-07T19:22:26","modified_gmt":"2022-06-07T19:22:26","slug":"in-ganz-europa","status":"publish","type":"page","link":"https:\/\/flashcars.hu\/de\/in-ganz-europa\/","title":{"rendered":"In ganz Europa"},"content":{"rendered":"<div data-elementor-type=\"wp-page\" data-elementor-id=\"386\" class=\"elementor elementor-386\" data-elementor-post-type=\"page\">\n\t\t\t\t\t\t<section data-particle_enable=\"false\" data-particle-mobile-disabled=\"false\" class=\"elementor-section elementor-top-section elementor-element elementor-element-19fe1f80 elementor-section-boxed elementor-section-height-default elementor-section-height-default\" data-id=\"19fe1f80\" data-element_type=\"section\" data-e-type=\"section\" data-settings=\"{&quot;jet_parallax_layout_list&quot;:[],&quot;background_background&quot;:&quot;classic&quot;}\">\n\t\t\t\t\t\t<div class=\"elementor-container elementor-column-gap-default\">\n\t\t\t\t\t<div class=\"elementor-column elementor-col-100 elementor-top-column elementor-element elementor-element-3fb36f8f\" data-id=\"3fb36f8f\" data-element_type=\"column\" data-e-type=\"column\">\n\t\t\t<div class=\"elementor-widget-wrap elementor-element-populated\">\n\t\t\t\t\t\t<div class=\"elementor-element elementor-element-4e340008 elementor-widget elementor-widget-heading\" data-id=\"4e340008\" data-element_type=\"widget\" data-e-type=\"widget\" data-widget_type=\"heading.default\">\n\t\t\t\t<div class=\"elementor-widget-container\">\n\t\t\t\t\t<h2 class=\"elementor-heading-title elementor-size-default\">In ganz Europa<\/h2>\t\t\t\t<\/div>\n\t\t\t\t<\/div>\n\t\t\t\t\t<\/div>\n\t\t<\/div>\n\t\t\t\t\t<\/div>\n\t\t<\/section>\n\t\t\t\t<section data-particle_enable=\"false\" data-particle-mobile-disabled=\"false\" class=\"elementor-section elementor-top-section elementor-element elementor-element-72d62b44 elementor-section-full_width elementor-section-height-default elementor-section-height-default\" data-id=\"72d62b44\" data-element_type=\"section\" data-e-type=\"section\" data-settings=\"{&quot;background_background&quot;:&quot;classic&quot;,&quot;jet_parallax_layout_list&quot;:[]}\">\n\t\t\t\t\t\t<div class=\"elementor-container elementor-column-gap-default\">\n\t\t\t\t\t<div class=\"elementor-column elementor-col-50 elementor-top-column elementor-element elementor-element-1f9e171e\" data-id=\"1f9e171e\" data-element_type=\"column\" data-e-type=\"column\" data-settings=\"{&quot;background_background&quot;:&quot;classic&quot;}\">\n\t\t\t<div class=\"elementor-widget-wrap elementor-element-populated\">\n\t\t\t\t\t\t<section data-particle_enable=\"false\" data-particle-mobile-disabled=\"false\" class=\"elementor-section elementor-inner-section elementor-element elementor-element-4cc05d0c elementor-section-height-min-height elementor-section-content-middle elementor-section-boxed elementor-section-height-default\" data-id=\"4cc05d0c\" data-element_type=\"section\" data-e-type=\"section\" data-settings=\"{&quot;jet_parallax_layout_list&quot;:[],&quot;background_background&quot;:&quot;classic&quot;}\">\n\t\t\t\t\t\t\t<div class=\"elementor-background-overlay\"><\/div>\n\t\t\t\t\t\t\t<div class=\"elementor-container elementor-column-gap-default\">\n\t\t\t\t\t<div class=\"elementor-column elementor-col-100 elementor-inner-column elementor-element elementor-element-16d43b70\" data-id=\"16d43b70\" data-element_type=\"column\" data-e-type=\"column\" data-settings=\"{&quot;background_background&quot;:&quot;classic&quot;}\">\n\t\t\t<div class=\"elementor-widget-wrap\">\n\t\t\t\t\t\t\t<\/div>\n\t\t<\/div>\n\t\t\t\t\t<\/div>\n\t\t<\/section>\n\t\t\t\t\t<\/div>\n\t\t<\/div>\n\t\t\t\t<div class=\"elementor-column elementor-col-50 elementor-top-column elementor-element elementor-element-1bbd1c9c\" data-id=\"1bbd1c9c\" data-element_type=\"column\" data-e-type=\"column\" data-settings=\"{&quot;background_background&quot;:&quot;classic&quot;}\">\n\t\t\t<div class=\"elementor-widget-wrap elementor-element-populated\">\n\t\t\t\t\t\t<div class=\"elementor-element elementor-element-64c57577 elementor-widget elementor-widget-heading\" data-id=\"64c57577\" data-element_type=\"widget\" data-e-type=\"widget\" data-widget_type=\"heading.default\">\n\t\t\t\t<div class=\"elementor-widget-container\">\n\t\t\t\t\t<h2 class=\"elementor-heading-title elementor-size-default\"> Wir unterst\u00fctzen unsere Kunden in fast allen L\u00e4ndern Europas durch unsere Vertragspartner.<\/h2>\t\t\t\t<\/div>\n\t\t\t\t<\/div>\n\t\t\t\t<div class=\"elementor-element elementor-element-b5b3b1a elementor-widget elementor-widget-text-editor\" data-id=\"b5b3b1a\" data-element_type=\"widget\" data-e-type=\"widget\" data-widget_type=\"text-editor.default\">\n\t\t\t\t<div class=\"elementor-widget-container\">\n\t\t\t\t\t\t\t\t\t<p>Begleiten von \u00fcberverfrachteten und \u00fcberdimensionalen Lieferungen und das Einholen der erforderlichen Streckengenehmigungen erledigen wir in folgenden L\u00e4ndern:\n \u00d6sterreich, Deutschland, die Schweiz, die Slowakei, die Tschechische Republik, Polen, die Ukraine, Rum\u00e4nien, Bulgarien, Serbien, Kroatien, Slowenien, Italien, die T\u00fcrkei, Montenegro, Mazedonien, Kosovo, Albanien und Griechenland.<\/p>\t\t\t\t\t\t\t\t<\/div>\n\t\t\t\t<\/div>\n\t\t\t\t<section data-particle_enable=\"false\" data-particle-mobile-disabled=\"false\" class=\"elementor-section elementor-inner-section elementor-element elementor-element-24d94d0b elementor-section-boxed elementor-section-height-default elementor-section-height-default\" data-id=\"24d94d0b\" data-element_type=\"section\" data-e-type=\"section\" data-settings=\"{&quot;jet_parallax_layout_list&quot;:[]}\">\n\t\t\t\t\t\t<div class=\"elementor-container elementor-column-gap-default\">\n\t\t\t\t\t<div class=\"elementor-column elementor-col-50 elementor-inner-column elementor-element elementor-element-6213faf3\" data-id=\"6213faf3\" data-element_type=\"column\" data-e-type=\"column\">\n\t\t\t<div class=\"elementor-widget-wrap elementor-element-populated\">\n\t\t\t\t\t\t<div class=\"elementor-element elementor-element-4a2f787b elementor-widget elementor-widget-image\" data-id=\"4a2f787b\" data-element_type=\"widget\" data-e-type=\"widget\" data-widget_type=\"image.default\">\n\t\t\t\t<div class=\"elementor-widget-container\">\n\t\t\t\t\t\t\t\t\t\t\t\t\t\t\t<img decoding=\"async\" width=\"212\" height=\"212\" src=\"https:\/\/flashcars.hu\/wp-content\/uploads\/2022\/05\/flashcars_tulmeretes_szallitmany_kiseres_tamas_akos.png\" class=\"attachment-medium size-medium wp-image-57\" alt=\"\" srcset=\"https:\/\/flashcars.hu\/wp-content\/uploads\/2022\/05\/flashcars_tulmeretes_szallitmany_kiseres_tamas_akos.png 212w, https:\/\/flashcars.hu\/wp-content\/uploads\/2022\/05\/flashcars_tulmeretes_szallitmany_kiseres_tamas_akos-150x150.png 150w\" sizes=\"(max-width: 212px) 100vw, 212px\" \/>\t\t\t\t\t\t\t\t\t\t\t\t\t\t\t<\/div>\n\t\t\t\t<\/div>\n\t\t\t\t\t<\/div>\n\t\t<\/div>\n\t\t\t\t<div class=\"elementor-column elementor-col-50 elementor-inner-column elementor-element elementor-element-16190487\" data-id=\"16190487\" data-element_type=\"column\" data-e-type=\"column\">\n\t\t\t<div class=\"elementor-widget-wrap elementor-element-populated\">\n\t\t\t\t\t\t<div class=\"elementor-element elementor-element-6c0f6ad4 elementor-widget elementor-widget-heading\" data-id=\"6c0f6ad4\" data-element_type=\"widget\" data-e-type=\"widget\" data-widget_type=\"heading.default\">\n\t\t\t\t<div class=\"elementor-widget-container\">\n\t\t\t\t\t<span class=\"elementor-heading-title elementor-size-default\">Haben Sie an uns bez\u00fcglich Dienstleistungen Fragen?<\/span>\t\t\t\t<\/div>\n\t\t\t\t<\/div>\n\t\t\t\t<div class=\"elementor-element elementor-element-5113fe06 elementor-widget elementor-widget-heading\" data-id=\"5113fe06\" data-element_type=\"widget\" data-e-type=\"widget\" data-widget_type=\"heading.default\">\n\t\t\t\t<div class=\"elementor-widget-container\">\n\t\t\t\t\t<span class=\"elementor-heading-title elementor-size-default\">RUFEN SIE UNS EINFACH AN!<\/span>\t\t\t\t<\/div>\n\t\t\t\t<\/div>\n\t\t\t\t<div class=\"elementor-element elementor-element-22f3c51f elementor-widget elementor-widget-button\" data-id=\"22f3c51f\" data-element_type=\"widget\" data-e-type=\"widget\" data-widget_type=\"button.default\">\n\t\t\t\t<div class=\"elementor-widget-container\">\n\t\t\t\t\t\t\t\t\t<div class=\"elementor-button-wrapper\">\n\t\t\t\t\t<a class=\"elementor-button elementor-button-link elementor-size-xs\" href=\"tel:%20+36%2020%20570%2096%2032\">\n\t\t\t\t\t\t<span class=\"elementor-button-content-wrapper\">\n\t\t\t\t\t\t\t\t\t<span class=\"elementor-button-text\">24\/7 hotline: +36 20 570 96 32<\/span>\n\t\t\t\t\t<\/span>\n\t\t\t\t\t<\/a>\n\t\t\t\t<\/div>\n\t\t\t\t\t\t\t\t<\/div>\n\t\t\t\t<\/div>\n\t\t\t\t\t<\/div>\n\t\t<\/div>\n\t\t\t\t\t<\/div>\n\t\t<\/section>\n\t\t\t\t<div class=\"elementor-element elementor-element-334154b1 elementor-widget elementor-widget-button\" data-id=\"334154b1\" data-element_type=\"widget\" data-e-type=\"widget\" data-widget_type=\"button.default\">\n\t\t\t\t<div class=\"elementor-widget-container\">\n\t\t\t\t\t\t\t\t\t<div class=\"elementor-button-wrapper\">\n\t\t\t\t\t<a class=\"elementor-button elementor-button-link elementor-size-lg\" href=\"\/de\/preisangebot\/\">\n\t\t\t\t\t\t<span class=\"elementor-button-content-wrapper\">\n\t\t\t\t\t\t\t\t\t<span class=\"elementor-button-text\">ANFRAGE<\/span>\n\t\t\t\t\t<\/span>\n\t\t\t\t\t<\/a>\n\t\t\t\t<\/div>\n\t\t\t\t\t\t\t\t<\/div>\n\t\t\t\t<\/div>\n\t\t\t\t\t<\/div>\n\t\t<\/div>\n\t\t\t\t\t<\/div>\n\t\t<\/section>\n\t\t\t\t<\/div>","protected":false},"excerpt":{"rendered":"<p>Eg\u00e9sz Eur\u00f3p\u00e1ban Eur\u00f3p\u00e1ban szinte az \u00f6sszes orsz\u00e1gban seg\u00edtj\u00fck \u00fcgyfeleinket szerz\u0151d\u00f6tt partnereinken kereszt\u00fcl. Ausztria, N\u00e9metorsz\u00e1g, Sv\u00e1jc, Szlov\u00e1kia, Csehorsz\u00e1g, Lengyelorsz\u00e1g, Ukrajna, Rom\u00e1nia, Bulg\u00e1ria, Szerbia, Horv\u00e1torsz\u00e1g, Szlov\u00e9nia, Olaszorsz\u00e1g, T\u00f6r\u00f6korsz\u00e1g, Montenegr\u00f3, Maced\u00f3nia, Koszov\u00f3, Alb\u00e1nia, G\u00f6r\u00f6gorsz\u00e1g t\u00fals\u00falyos \u00e9s t\u00falm\u00e9retes sz\u00e1ll\u00edtm\u00e1nyok k\u00eds\u00e9rete \u00e9s a sz\u00fcks\u00e9ges \u00fatvonalenged\u00e9ly beszerz\u00e9se. K\u00e9rd\u00e9se van szolg\u00e1ltat\u00e1sainkkal kapcsolatban? H\u00cdVJON MINKET! 24\/7 hotline: +36 20 570 96 32 Aj\u00e1nlatk\u00e9r\u00e9s<\/p>","protected":false},"author":1,"featured_media":110,"parent":0,"menu_order":0,"comment_status":"closed","ping_status":"closed","template":"","meta":{"site-sidebar-layout":"no-sidebar","site-content-layout":"page-builder","ast-site-content-layout":"","site-content-style":"default","site-sidebar-style":"default","ast-global-header-display":"","ast-banner-title-visibility":"","ast-main-header-display":"","ast-hfb-above-header-display":"","ast-hfb-below-header-display":"","ast-hfb-mobile-header-display":"","site-post-title":"disabled","ast-breadcrumbs-content":"","ast-featured-img":"disabled","footer-sml-layout":"","theme-transparent-header-meta":"","adv-header-id-meta":"","stick-header-meta":"","header-above-stick-meta":"","header-main-stick-meta":"","header-below-stick-meta":"","astra-migrate-meta-layouts":"default","ast-page-background-enabled":"default","ast-page-background-meta":{"desktop":{"background-color":"var(--ast-global-color-4)","background-image":"","background-repeat":"repeat","background-position":"center center","background-size":"auto","background-attachment":"scroll","background-type":"","background-media":"","overlay-type":"","overlay-color":"","overlay-opacity":"","overlay-gradient":""},"tablet":{"background-color":"","background-image":"","background-repeat":"repeat","background-position":"center center","background-size":"auto","background-attachment":"scroll","background-type":"","background-media":"","overlay-type":"","overlay-color":"","overlay-opacity":"","overlay-gradient":""},"mobile":{"background-color":"","background-image":"","background-repeat":"repeat","background-position":"center center","background-size":"auto","background-attachment":"scroll","background-type":"","background-media":"","overlay-type":"","overlay-color":"","overlay-opacity":"","overlay-gradient":""}},"ast-content-background-meta":{"desktop":{"background-color":"var(--ast-global-color-5)","background-image":"","background-repeat":"repeat","background-position":"center center","background-size":"auto","background-attachment":"scroll","background-type":"","background-media":"","overlay-type":"","overlay-color":"","overlay-opacity":"","overlay-gradient":""},"tablet":{"background-color":"var(--ast-global-color-5)","background-image":"","background-repeat":"repeat","background-position":"center center","background-size":"auto","background-attachment":"scroll","background-type":"","background-media":"","overlay-type":"","overlay-color":"","overlay-opacity":"","overlay-gradient":""},"mobile":{"background-color":"var(--ast-global-color-5)","background-image":"","background-repeat":"repeat","background-position":"center center","background-size":"auto","background-attachment":"scroll","background-type":"","background-media":"","overlay-type":"","overlay-color":"","overlay-opacity":"","overlay-gradient":""}},"footnotes":""},"class_list":["post-386","page","type-page","status-publish","has-post-thumbnail","hentry"],"yoast_head":"<!-- This site is optimized with the Yoast SEO Premium plugin v26.2 (Yoast SEO v27.4) - https:\/\/yoast.com\/product\/yoast-seo-premium-wordpress\/ -->\n<title>Eg\u00e9sz Eur\u00f3p\u00e1ban - Flashcars.hu<\/title>\n<meta name=\"description\" content=\"T\u00fals\u00falyos, t\u00falmeretes sz\u00e1ll\u00edtm\u00e1nyok k\u00eds\u00e9rete \u00e9s a sz\u00fcks\u00e9ges okm\u00e1nyok beszerz\u00e9se eg\u00e9sz Eur\u00f3p\u00e1ban partnereinken kereszt\u00fcl.\" \/>\n<meta name=\"robots\" content=\"index, follow, max-snippet:-1, max-image-preview:large, max-video-preview:-1\" \/>\n<link rel=\"canonical\" href=\"https:\/\/flashcars.hu\/de\/in-ganz-europa\/\" \/>\n<meta property=\"og:locale\" content=\"de_DE\" \/>\n<meta property=\"og:type\" content=\"article\" \/>\n<meta property=\"og:title\" content=\"Flashcars eg\u00e9sz Eur\u00f3p\u00e1ban\" \/>\n<meta property=\"og:description\" content=\"T\u00fals\u00falyos, t\u00falmeretes sz\u00e1ll\u00edtm\u00e1nyok k\u00eds\u00e9rete \u00e9s a sz\u00fcks\u00e9ges okm\u00e1nyok beszerz\u00e9se eg\u00e9sz Eur\u00f3p\u00e1ban partnereinken kereszt\u00fcl.\" \/>\n<meta property=\"og:url\" content=\"https:\/\/flashcars.hu\/de\/in-ganz-europa\/\" \/>\n<meta property=\"og:site_name\" content=\"Flashcars.hu\" \/>\n<meta property=\"article:modified_time\" content=\"2022-06-07T19:22:26+00:00\" \/>\n<meta property=\"og:image\" content=\"https:\/\/flashcars.hu\/wp-content\/uploads\/2022\/05\/eu-map.jpg\" \/>\n\t<meta property=\"og:image:width\" content=\"1280\" \/>\n\t<meta property=\"og:image:height\" content=\"979\" \/>\n\t<meta property=\"og:image:type\" content=\"image\/jpeg\" \/>\n<meta name=\"twitter:card\" content=\"summary_large_image\" \/>\n<meta name=\"twitter:title\" content=\"Eg\u00e9sz Eur\u00f3p\u00e1ban\" \/>\n<meta name=\"twitter:label1\" content=\"Gesch\u00e4tzte Lesezeit\" \/>\n\t<meta name=\"twitter:data1\" content=\"1\u00a0Minute\" \/>\n<script type=\"application\/ld+json\" class=\"yoast-schema-graph\">{\"@context\":\"https:\\\/\\\/schema.org\",\"@graph\":[{\"@type\":\"WebPage\",\"@id\":\"https:\\\/\\\/flashcars.hu\\\/egesz-europaban\\\/\",\"url\":\"https:\\\/\\\/flashcars.hu\\\/egesz-europaban\\\/\",\"name\":\"Eg\u00e9sz Eur\u00f3p\u00e1ban - Flashcars.hu\",\"isPartOf\":{\"@id\":\"https:\\\/\\\/flashcars.hu\\\/#website\"},\"primaryImageOfPage\":{\"@id\":\"https:\\\/\\\/flashcars.hu\\\/egesz-europaban\\\/#primaryimage\"},\"image\":{\"@id\":\"https:\\\/\\\/flashcars.hu\\\/egesz-europaban\\\/#primaryimage\"},\"thumbnailUrl\":\"https:\\\/\\\/flashcars.hu\\\/wp-content\\\/uploads\\\/2022\\\/05\\\/eu-map.jpg\",\"datePublished\":\"2022-06-04T20:22:30+00:00\",\"dateModified\":\"2022-06-07T19:22:26+00:00\",\"description\":\"T\u00fals\u00falyos, t\u00falmeretes sz\u00e1ll\u00edtm\u00e1nyok k\u00eds\u00e9rete \u00e9s a sz\u00fcks\u00e9ges okm\u00e1nyok beszerz\u00e9se eg\u00e9sz Eur\u00f3p\u00e1ban partnereinken kereszt\u00fcl.\",\"breadcrumb\":{\"@id\":\"https:\\\/\\\/flashcars.hu\\\/egesz-europaban\\\/#breadcrumb\"},\"inLanguage\":\"de\",\"potentialAction\":[{\"@type\":\"ReadAction\",\"target\":[\"https:\\\/\\\/flashcars.hu\\\/egesz-europaban\\\/\"]}]},{\"@type\":\"ImageObject\",\"inLanguage\":\"de\",\"@id\":\"https:\\\/\\\/flashcars.hu\\\/egesz-europaban\\\/#primaryimage\",\"url\":\"https:\\\/\\\/flashcars.hu\\\/wp-content\\\/uploads\\\/2022\\\/05\\\/eu-map.jpg\",\"contentUrl\":\"https:\\\/\\\/flashcars.hu\\\/wp-content\\\/uploads\\\/2022\\\/05\\\/eu-map.jpg\",\"width\":1280,\"height\":979},{\"@type\":\"BreadcrumbList\",\"@id\":\"https:\\\/\\\/flashcars.hu\\\/egesz-europaban\\\/#breadcrumb\",\"itemListElement\":[{\"@type\":\"ListItem\",\"position\":1,\"name\":\"Kezd\u0151lap\",\"item\":\"https:\\\/\\\/flashcars.hu\\\/\"},{\"@type\":\"ListItem\",\"position\":2,\"name\":\"Eg\u00e9sz Eur\u00f3p\u00e1ban\"}]},{\"@type\":\"WebSite\",\"@id\":\"https:\\\/\\\/flashcars.hu\\\/#website\",\"url\":\"https:\\\/\\\/flashcars.hu\\\/\",\"name\":\"Flashcars.hu\",\"description\":\"T\u00fals\u00falyos \u00e9s t\u00falm\u00e9retes sz\u00e1ll\u00edtm\u00e1nyok k\u00eds\u00e9rete \u00e9s a sz\u00fcks\u00e9ges \u00fatvonalenged\u00e9ly beszerz\u00e9se.\",\"publisher\":{\"@id\":\"https:\\\/\\\/flashcars.hu\\\/#organization\"},\"potentialAction\":[{\"@type\":\"SearchAction\",\"target\":{\"@type\":\"EntryPoint\",\"urlTemplate\":\"https:\\\/\\\/flashcars.hu\\\/?s={search_term_string}\"},\"query-input\":{\"@type\":\"PropertyValueSpecification\",\"valueRequired\":true,\"valueName\":\"search_term_string\"}}],\"inLanguage\":\"de\"},{\"@type\":\"Organization\",\"@id\":\"https:\\\/\\\/flashcars.hu\\\/#organization\",\"name\":\"FlashCars Sz\u00e1ll\u00edtm\u00e1nyoz\u00e1si Kft.\",\"url\":\"https:\\\/\\\/flashcars.hu\\\/\",\"logo\":{\"@type\":\"ImageObject\",\"inLanguage\":\"de\",\"@id\":\"https:\\\/\\\/flashcars.hu\\\/#\\\/schema\\\/logo\\\/image\\\/\",\"url\":\"http:\\\/\\\/flashcars.hu\\\/wp-content\\\/uploads\\\/2022\\\/05\\\/Logo-Horizontal-Light.png\",\"contentUrl\":\"http:\\\/\\\/flashcars.hu\\\/wp-content\\\/uploads\\\/2022\\\/05\\\/Logo-Horizontal-Light.png\",\"width\":1720,\"height\":258,\"caption\":\"FlashCars Sz\u00e1ll\u00edtm\u00e1nyoz\u00e1si Kft.\"},\"image\":{\"@id\":\"https:\\\/\\\/flashcars.hu\\\/#\\\/schema\\\/logo\\\/image\\\/\"}}]}<\/script>\n<!-- \/ Yoast SEO Premium plugin. -->","yoast_head_json":{"title":"\u00dcberall in Europa - Flashcars.com","description":"Begleitung \u00fcbergewichtiger, \u00fcberladener Sendungen und Beschaffung der erforderlichen Dokumente in ganz Europa durch unsere Partner.","robots":{"index":"index","follow":"follow","max-snippet":"max-snippet:-1","max-image-preview":"max-image-preview:large","max-video-preview":"max-video-preview:-1"},"canonical":"https:\/\/flashcars.hu\/de\/in-ganz-europa\/","og_locale":"de_DE","og_type":"article","og_title":"Flashcars eg\u00e9sz Eur\u00f3p\u00e1ban","og_description":"T\u00fals\u00falyos, t\u00falmeretes sz\u00e1ll\u00edtm\u00e1nyok k\u00eds\u00e9rete \u00e9s a sz\u00fcks\u00e9ges okm\u00e1nyok beszerz\u00e9se eg\u00e9sz Eur\u00f3p\u00e1ban partnereinken kereszt\u00fcl.","og_url":"https:\/\/flashcars.hu\/de\/in-ganz-europa\/","og_site_name":"Flashcars.hu","article_modified_time":"2022-06-07T19:22:26+00:00","og_image":[{"width":1280,"height":979,"url":"https:\/\/flashcars.hu\/wp-content\/uploads\/2022\/05\/eu-map.jpg","type":"image\/jpeg"}],"twitter_card":"summary_large_image","twitter_title":"Eg\u00e9sz Eur\u00f3p\u00e1ban","twitter_misc":{"Gesch\u00e4tzte Lesezeit":"1\u00a0Minute"},"schema":{"@context":"https:\/\/schema.org","@graph":[{"@type":"WebPage","@id":"https:\/\/flashcars.hu\/egesz-europaban\/","url":"https:\/\/flashcars.hu\/egesz-europaban\/","name":"\u00dcberall in Europa - Flashcars.com","isPartOf":{"@id":"https:\/\/flashcars.hu\/#website"},"primaryImageOfPage":{"@id":"https:\/\/flashcars.hu\/egesz-europaban\/#primaryimage"},"image":{"@id":"https:\/\/flashcars.hu\/egesz-europaban\/#primaryimage"},"thumbnailUrl":"https:\/\/flashcars.hu\/wp-content\/uploads\/2022\/05\/eu-map.jpg","datePublished":"2022-06-04T20:22:30+00:00","dateModified":"2022-06-07T19:22:26+00:00","description":"Begleitung \u00fcbergewichtiger, \u00fcberladener Sendungen und Beschaffung der erforderlichen Dokumente in ganz Europa durch unsere Partner.","breadcrumb":{"@id":"https:\/\/flashcars.hu\/egesz-europaban\/#breadcrumb"},"inLanguage":"de","potentialAction":[{"@type":"ReadAction","target":["https:\/\/flashcars.hu\/egesz-europaban\/"]}]},{"@type":"ImageObject","inLanguage":"de","@id":"https:\/\/flashcars.hu\/egesz-europaban\/#primaryimage","url":"https:\/\/flashcars.hu\/wp-content\/uploads\/2022\/05\/eu-map.jpg","contentUrl":"https:\/\/flashcars.hu\/wp-content\/uploads\/2022\/05\/eu-map.jpg","width":1280,"height":979},{"@type":"BreadcrumbList","@id":"https:\/\/flashcars.hu\/egesz-europaban\/#breadcrumb","itemListElement":[{"@type":"ListItem","position":1,"name":"Kezd\u0151lap","item":"https:\/\/flashcars.hu\/"},{"@type":"ListItem","position":2,"name":"Eg\u00e9sz Eur\u00f3p\u00e1ban"}]},{"@type":"WebSite","@id":"https:\/\/flashcars.hu\/#website","url":"https:\/\/flashcars.hu\/","name":"Flashcars.hu","description":"Begleiten von \u00fcberverfrachteten und \u00fcberdimensionalen Lieferungen und das Einholen der erforderlichen Streckengenehmigungen.","publisher":{"@id":"https:\/\/flashcars.hu\/#organization"},"potentialAction":[{"@type":"SearchAction","target":{"@type":"EntryPoint","urlTemplate":"https:\/\/flashcars.hu\/?s={search_term_string}"},"query-input":{"@type":"PropertyValueSpecification","valueRequired":true,"valueName":"search_term_string"}}],"inLanguage":"de"},{"@type":"Organization","@id":"https:\/\/flashcars.hu\/#organization","name":"FlashCars Transport GmbH","url":"https:\/\/flashcars.hu\/","logo":{"@type":"ImageObject","inLanguage":"de","@id":"https:\/\/flashcars.hu\/#\/schema\/logo\/image\/","url":"http:\/\/flashcars.hu\/wp-content\/uploads\/2022\/05\/Logo-Horizontal-Light.png","contentUrl":"http:\/\/flashcars.hu\/wp-content\/uploads\/2022\/05\/Logo-Horizontal-Light.png","width":1720,"height":258,"caption":"FlashCars Sz\u00e1ll\u00edtm\u00e1nyoz\u00e1si Kft."},"image":{"@id":"https:\/\/flashcars.hu\/#\/schema\/logo\/image\/"}}]}},"_links":{"self":[{"href":"https:\/\/flashcars.hu\/de\/wp-json\/wp\/v2\/pages\/386","targetHints":{"allow":["GET"]}}],"collection":[{"href":"https:\/\/flashcars.hu\/de\/wp-json\/wp\/v2\/pages"}],"about":[{"href":"https:\/\/flashcars.hu\/de\/wp-json\/wp\/v2\/types\/page"}],"author":[{"embeddable":true,"href":"https:\/\/flashcars.hu\/de\/wp-json\/wp\/v2\/users\/1"}],"replies":[{"embeddable":true,"href":"https:\/\/flashcars.hu\/de\/wp-json\/wp\/v2\/comments?post=386"}],"version-history":[{"count":22,"href":"https:\/\/flashcars.hu\/de\/wp-json\/wp\/v2\/pages\/386\/revisions"}],"predecessor-version":[{"id":681,"href":"https:\/\/flashcars.hu\/de\/wp-json\/wp\/v2\/pages\/386\/revisions\/681"}],"wp:featuredmedia":[{"embeddable":true,"href":"https:\/\/flashcars.hu\/de\/wp-json\/wp\/v2\/media\/110"}],"wp:attachment":[{"href":"https:\/\/flashcars.hu\/de\/wp-json\/wp\/v2\/media?parent=386"}],"curies":[{"name":"wp","href":"https:\/\/api.w.org\/{rel}","templated":true}]}}