{"id":371,"date":"2022-06-04T20:16:27","date_gmt":"2022-06-04T20:16:27","guid":{"rendered":"https:\/\/flashcars.hu\/?page_id=371"},"modified":"2022-06-15T19:56:15","modified_gmt":"2022-06-15T19:56:15","slug":"polizeiliche-begleitung","status":"publish","type":"page","link":"https:\/\/flashcars.hu\/de\/polizeiliche-begleitung\/","title":{"rendered":"Polizeiliche Begleitung"},"content":{"rendered":"<div data-elementor-type=\"wp-page\" data-elementor-id=\"371\" class=\"elementor elementor-371\" data-elementor-post-type=\"page\">\n\t\t\t\t\t\t<section data-particle_enable=\"false\" data-particle-mobile-disabled=\"false\" class=\"elementor-section elementor-top-section elementor-element elementor-element-5093fd39 elementor-section-boxed elementor-section-height-default elementor-section-height-default\" data-id=\"5093fd39\" data-element_type=\"section\" data-e-type=\"section\" data-settings=\"{&quot;jet_parallax_layout_list&quot;:[],&quot;background_background&quot;:&quot;classic&quot;}\">\n\t\t\t\t\t\t<div class=\"elementor-container elementor-column-gap-default\">\n\t\t\t\t\t<div class=\"elementor-column elementor-col-100 elementor-top-column elementor-element elementor-element-f685aca\" data-id=\"f685aca\" data-element_type=\"column\" data-e-type=\"column\">\n\t\t\t<div class=\"elementor-widget-wrap elementor-element-populated\">\n\t\t\t\t\t\t<div class=\"elementor-element elementor-element-34cfd5f8 elementor-widget elementor-widget-heading\" data-id=\"34cfd5f8\" data-element_type=\"widget\" data-e-type=\"widget\" data-widget_type=\"heading.default\">\n\t\t\t\t<div class=\"elementor-widget-container\">\n\t\t\t\t\t<h2 class=\"elementor-heading-title elementor-size-default\">Polizeiliche Begleitung<\/h2>\t\t\t\t<\/div>\n\t\t\t\t<\/div>\n\t\t\t\t\t<\/div>\n\t\t<\/div>\n\t\t\t\t\t<\/div>\n\t\t<\/section>\n\t\t\t\t<section data-particle_enable=\"false\" data-particle-mobile-disabled=\"false\" class=\"elementor-section elementor-top-section elementor-element elementor-element-b05edee elementor-section-full_width elementor-section-height-default elementor-section-height-default\" data-id=\"b05edee\" data-element_type=\"section\" data-e-type=\"section\" data-settings=\"{&quot;background_background&quot;:&quot;classic&quot;,&quot;jet_parallax_layout_list&quot;:[]}\">\n\t\t\t\t\t\t<div class=\"elementor-container elementor-column-gap-default\">\n\t\t\t\t\t<div class=\"elementor-column elementor-col-50 elementor-top-column elementor-element elementor-element-3e2a62cc\" data-id=\"3e2a62cc\" data-element_type=\"column\" data-e-type=\"column\" data-settings=\"{&quot;background_background&quot;:&quot;classic&quot;}\">\n\t\t\t<div class=\"elementor-widget-wrap elementor-element-populated\">\n\t\t\t\t\t\t<section data-particle_enable=\"false\" data-particle-mobile-disabled=\"false\" class=\"elementor-section elementor-inner-section elementor-element elementor-element-69f2be31 elementor-section-height-min-height elementor-section-content-middle elementor-section-boxed elementor-section-height-default\" data-id=\"69f2be31\" data-element_type=\"section\" data-e-type=\"section\" data-settings=\"{&quot;jet_parallax_layout_list&quot;:[],&quot;background_background&quot;:&quot;video&quot;,&quot;background_video_link&quot;:&quot;https:\\\/\\\/www.youtube.com\\\/watch?v=JCt7NXTjMQU&quot;}\">\n\t\t\t\t\t\t\t\t<div class=\"elementor-background-video-container elementor-hidden-mobile\">\n\t\t\t\t\t\t\t\t\t\t\t\t\t<div class=\"elementor-background-video-embed\" role=\"presentation\"><\/div>\n\t\t\t\t\t\t\t\t\t\t\t\t<\/div>\n\t\t\t\t\t\t\t\t\t<div class=\"elementor-background-overlay\"><\/div>\n\t\t\t\t\t\t\t<div class=\"elementor-container elementor-column-gap-default\">\n\t\t\t\t\t<div class=\"elementor-column elementor-col-100 elementor-inner-column elementor-element elementor-element-44ac6385\" data-id=\"44ac6385\" data-element_type=\"column\" data-e-type=\"column\" data-settings=\"{&quot;background_background&quot;:&quot;classic&quot;}\">\n\t\t\t<div class=\"elementor-widget-wrap\">\n\t\t\t\t\t\t\t<\/div>\n\t\t<\/div>\n\t\t\t\t\t<\/div>\n\t\t<\/section>\n\t\t\t\t\t<\/div>\n\t\t<\/div>\n\t\t\t\t<div class=\"elementor-column elementor-col-50 elementor-top-column elementor-element elementor-element-76cbbf17\" data-id=\"76cbbf17\" data-element_type=\"column\" data-e-type=\"column\" data-settings=\"{&quot;background_background&quot;:&quot;classic&quot;}\">\n\t\t\t<div class=\"elementor-widget-wrap elementor-element-populated\">\n\t\t\t\t\t\t<div class=\"elementor-element elementor-element-2f952c8a elementor-widget elementor-widget-heading\" data-id=\"2f952c8a\" data-element_type=\"widget\" data-e-type=\"widget\" data-widget_type=\"heading.default\">\n\t\t\t\t<div class=\"elementor-widget-container\">\n\t\t\t\t\t<h2 class=\"elementor-heading-title elementor-size-default\">Bei extrem gro\u00dfen Transporten schreibt die Genehmigungsbeh\u00f6rde auch die Polizeibegleitung vor. Es sind von uns mit mehreren Polizeidirektionen Rahmenvertr\u00e4ge abgeschlossen worden, die uns berechtigen, ihre Dienstleistungen f\u00fcr die Begleitung in Anspruch zu nehmen, so dass ein Fahrzeug, das gem\u00e4\u00df den Bedingungen der Streckengenehmigung ein Unterscheidungszeichen tr\u00e4gt, als ein Bestandteil des Konvois zu betrachten ist.<\/h2>\t\t\t\t<\/div>\n\t\t\t\t<\/div>\n\t\t\t\t<section data-particle_enable=\"false\" data-particle-mobile-disabled=\"false\" class=\"elementor-section elementor-inner-section elementor-element elementor-element-7622ae19 elementor-section-boxed elementor-section-height-default elementor-section-height-default\" data-id=\"7622ae19\" data-element_type=\"section\" data-e-type=\"section\" data-settings=\"{&quot;jet_parallax_layout_list&quot;:[]}\">\n\t\t\t\t\t\t<div class=\"elementor-container elementor-column-gap-default\">\n\t\t\t\t\t<div class=\"elementor-column elementor-col-50 elementor-inner-column elementor-element elementor-element-74684578\" data-id=\"74684578\" data-element_type=\"column\" data-e-type=\"column\">\n\t\t\t<div class=\"elementor-widget-wrap elementor-element-populated\">\n\t\t\t\t\t\t<div class=\"elementor-element elementor-element-b693090 elementor-widget elementor-widget-image\" data-id=\"b693090\" data-element_type=\"widget\" data-e-type=\"widget\" data-widget_type=\"image.default\">\n\t\t\t\t<div class=\"elementor-widget-container\">\n\t\t\t\t\t\t\t\t\t\t\t\t\t\t\t<img decoding=\"async\" width=\"212\" height=\"212\" src=\"https:\/\/flashcars.hu\/wp-content\/uploads\/2022\/05\/flashcars_tulmeretes_szallitmany_kiseres_tamas_akos.png\" class=\"attachment-medium size-medium wp-image-57\" alt=\"\" srcset=\"https:\/\/flashcars.hu\/wp-content\/uploads\/2022\/05\/flashcars_tulmeretes_szallitmany_kiseres_tamas_akos.png 212w, https:\/\/flashcars.hu\/wp-content\/uploads\/2022\/05\/flashcars_tulmeretes_szallitmany_kiseres_tamas_akos-150x150.png 150w\" sizes=\"(max-width: 212px) 100vw, 212px\" \/>\t\t\t\t\t\t\t\t\t\t\t\t\t\t\t<\/div>\n\t\t\t\t<\/div>\n\t\t\t\t\t<\/div>\n\t\t<\/div>\n\t\t\t\t<div class=\"elementor-column elementor-col-50 elementor-inner-column elementor-element elementor-element-3b9a4d05\" data-id=\"3b9a4d05\" data-element_type=\"column\" data-e-type=\"column\">\n\t\t\t<div class=\"elementor-widget-wrap elementor-element-populated\">\n\t\t\t\t\t\t<div class=\"elementor-element elementor-element-5284d118 elementor-widget elementor-widget-heading\" data-id=\"5284d118\" data-element_type=\"widget\" data-e-type=\"widget\" data-widget_type=\"heading.default\">\n\t\t\t\t<div class=\"elementor-widget-container\">\n\t\t\t\t\t<span class=\"elementor-heading-title elementor-size-default\">Haben Sie an uns bez\u00fcglich Dienstleistungen Fragen?<\/span>\t\t\t\t<\/div>\n\t\t\t\t<\/div>\n\t\t\t\t<div class=\"elementor-element elementor-element-66bd4891 elementor-widget elementor-widget-heading\" data-id=\"66bd4891\" data-element_type=\"widget\" data-e-type=\"widget\" data-widget_type=\"heading.default\">\n\t\t\t\t<div class=\"elementor-widget-container\">\n\t\t\t\t\t<span class=\"elementor-heading-title elementor-size-default\">RUFEN SIE UNS EINFACH AN!<\/span>\t\t\t\t<\/div>\n\t\t\t\t<\/div>\n\t\t\t\t\t<\/div>\n\t\t<\/div>\n\t\t\t\t\t<\/div>\n\t\t<\/section>\n\t\t\t\t<div class=\"elementor-element elementor-element-45f9f151 elementor-widget elementor-widget-button\" data-id=\"45f9f151\" data-element_type=\"widget\" data-e-type=\"widget\" data-widget_type=\"button.default\">\n\t\t\t\t<div class=\"elementor-widget-container\">\n\t\t\t\t\t\t\t\t\t<div class=\"elementor-button-wrapper\">\n\t\t\t\t\t<a class=\"elementor-button elementor-button-link elementor-size-lg\" href=\"\/de\/preisangebot\/\">\n\t\t\t\t\t\t<span class=\"elementor-button-content-wrapper\">\n\t\t\t\t\t\t\t\t\t<span class=\"elementor-button-text\">ANFRAGE<\/span>\n\t\t\t\t\t<\/span>\n\t\t\t\t\t<\/a>\n\t\t\t\t<\/div>\n\t\t\t\t\t\t\t\t<\/div>\n\t\t\t\t<\/div>\n\t\t\t\t<div class=\"elementor-element elementor-element-1ef06ac1 elementor-widget elementor-widget-button\" data-id=\"1ef06ac1\" data-element_type=\"widget\" data-e-type=\"widget\" data-widget_type=\"button.default\">\n\t\t\t\t<div class=\"elementor-widget-container\">\n\t\t\t\t\t\t\t\t\t<div class=\"elementor-button-wrapper\">\n\t\t\t\t\t<a class=\"elementor-button elementor-button-link elementor-size-xs\" href=\"tel:%20+36%2020%20570%2096%2032\">\n\t\t\t\t\t\t<span class=\"elementor-button-content-wrapper\">\n\t\t\t\t\t\t\t\t\t<span class=\"elementor-button-text\">24\/7 hotline: +36 20 570 96 32<\/span>\n\t\t\t\t\t<\/span>\n\t\t\t\t\t<\/a>\n\t\t\t\t<\/div>\n\t\t\t\t\t\t\t\t<\/div>\n\t\t\t\t<\/div>\n\t\t\t\t\t<\/div>\n\t\t<\/div>\n\t\t\t\t\t<\/div>\n\t\t<\/section>\n\t\t\t\t<\/div>","protected":false},"excerpt":{"rendered":"<p>Rend\u0151rs\u00e9gi k\u00eds\u00e9ret Az extr\u00e9m m\u00e9ret\u0171 sz\u00e1ll\u00edt\u00e1sok eset\u00e9ben a rend\u0151s\u00e9gi k\u00eds\u00e9retet is el\u0151\u00edrja az Enged\u00e9lyez\u0151 Hat\u00f3s\u00e1g. C\u00e9g\u00fcnk t\u00f6bb Rend\u0151rkapit\u00e1nys\u00e1ggal k\u00f6t\u00f6tt keretszerz\u0151d\u00e9st, amely feljogos\u00edt, hogy ig\u00e9nybe vegy\u00fck a szolg\u00e1ltat\u00e1sukat k\u00eds\u00e9r\u00e9s c\u00e9lj\u00e1b\u00f3l \u00e9s \u00edgy az \u00fatvonal enged\u00e9lyben foglalt felt\u00e9teleknek megfelel\u0151en megk\u00fcl\u00f6nb\u00f6ztet\u0151 jelz\u00e9st haszn\u00e1l\u00f3 g\u00e9pj\u00e1rm\u0171 is a konvoj r\u00e9sz\u00e9t alkotja. K\u00e9rd\u00e9se van szolg\u00e1ltat\u00e1sainkkal kapcsolatban? H\u00cdVJON MINKET! Aj\u00e1nlatk\u00e9r\u00e9s 24\/7 hotline: [&hellip;]<\/p>\n","protected":false},"author":1,"featured_media":0,"parent":0,"menu_order":0,"comment_status":"closed","ping_status":"closed","template":"","meta":{"site-sidebar-layout":"no-sidebar","site-content-layout":"page-builder","ast-site-content-layout":"","site-content-style":"default","site-sidebar-style":"default","ast-global-header-display":"","ast-banner-title-visibility":"","ast-main-header-display":"","ast-hfb-above-header-display":"","ast-hfb-below-header-display":"","ast-hfb-mobile-header-display":"","site-post-title":"disabled","ast-breadcrumbs-content":"","ast-featured-img":"disabled","footer-sml-layout":"","theme-transparent-header-meta":"","adv-header-id-meta":"","stick-header-meta":"","header-above-stick-meta":"","header-main-stick-meta":"","header-below-stick-meta":"","astra-migrate-meta-layouts":"default","ast-page-background-enabled":"default","ast-page-background-meta":{"desktop":{"background-color":"var(--ast-global-color-4)","background-image":"","background-repeat":"repeat","background-position":"center center","background-size":"auto","background-attachment":"scroll","background-type":"","background-media":"","overlay-type":"","overlay-color":"","overlay-opacity":"","overlay-gradient":""},"tablet":{"background-color":"","background-image":"","background-repeat":"repeat","background-position":"center center","background-size":"auto","background-attachment":"scroll","background-type":"","background-media":"","overlay-type":"","overlay-color":"","overlay-opacity":"","overlay-gradient":""},"mobile":{"background-color":"","background-image":"","background-repeat":"repeat","background-position":"center center","background-size":"auto","background-attachment":"scroll","background-type":"","background-media":"","overlay-type":"","overlay-color":"","overlay-opacity":"","overlay-gradient":""}},"ast-content-background-meta":{"desktop":{"background-color":"var(--ast-global-color-5)","background-image":"","background-repeat":"repeat","background-position":"center center","background-size":"auto","background-attachment":"scroll","background-type":"","background-media":"","overlay-type":"","overlay-color":"","overlay-opacity":"","overlay-gradient":""},"tablet":{"background-color":"var(--ast-global-color-5)","background-image":"","background-repeat":"repeat","background-position":"center center","background-size":"auto","background-attachment":"scroll","background-type":"","background-media":"","overlay-type":"","overlay-color":"","overlay-opacity":"","overlay-gradient":""},"mobile":{"background-color":"var(--ast-global-color-5)","background-image":"","background-repeat":"repeat","background-position":"center center","background-size":"auto","background-attachment":"scroll","background-type":"","background-media":"","overlay-type":"","overlay-color":"","overlay-opacity":"","overlay-gradient":""}},"footnotes":""},"class_list":["post-371","page","type-page","status-publish","hentry"],"yoast_head":"<!-- This site is optimized with the Yoast SEO Premium plugin v26.2 (Yoast SEO v27.4) - https:\/\/yoast.com\/product\/yoast-seo-premium-wordpress\/ -->\n<title>Rend\u0151rs\u00e9gi k\u00eds\u00e9ret - Flashcars.hu<\/title>\n<meta name=\"description\" content=\"\u00datvonal enged\u00e9lyben foglalt felt\u00e9teleknek megfelel\u0151en megk\u00fcl\u00f6nb\u00f6ztet\u0151 jelz\u00e9st haszn\u00e1l\u00f3 g\u00e9pj\u00e1rm\u0171 a konvoj r\u00e9sz\u00e9t alkotja az el\u0151\u00edr\u00e1sok szerint.\" \/>\n<meta name=\"robots\" content=\"index, follow, max-snippet:-1, max-image-preview:large, max-video-preview:-1\" \/>\n<link rel=\"canonical\" href=\"https:\/\/flashcars.hu\/de\/polizeiliche-begleitung\/\" \/>\n<meta property=\"og:locale\" content=\"de_DE\" \/>\n<meta property=\"og:type\" content=\"article\" \/>\n<meta property=\"og:title\" content=\"Rend\u0151rs\u00e9gi k\u00eds\u00e9ret\" \/>\n<meta property=\"og:description\" content=\"\u00datvonal enged\u00e9lyben foglalt felt\u00e9teleknek megfelel\u0151en megk\u00fcl\u00f6nb\u00f6ztet\u0151 jelz\u00e9st haszn\u00e1l\u00f3 g\u00e9pj\u00e1rm\u0171 a konvoj r\u00e9sz\u00e9t alkotja az el\u0151\u00edr\u00e1sok szerint.\" \/>\n<meta property=\"og:url\" content=\"https:\/\/flashcars.hu\/de\/polizeiliche-begleitung\/\" \/>\n<meta property=\"og:site_name\" content=\"Flashcars.hu\" \/>\n<meta property=\"article:modified_time\" content=\"2022-06-15T19:56:15+00:00\" \/>\n<meta property=\"og:image\" content=\"https:\/\/flashcars.hu\/wp-content\/uploads\/2022\/06\/2011-11-24-23.40.08.jpg\" \/>\n\t<meta property=\"og:image:width\" content=\"1024\" \/>\n\t<meta property=\"og:image:height\" content=\"768\" \/>\n\t<meta property=\"og:image:type\" content=\"image\/jpeg\" \/>\n<meta name=\"twitter:card\" content=\"summary_large_image\" \/>\n<meta name=\"twitter:title\" content=\"Rend\u0151rs\u00e9gi k\u00eds\u00e9ret\" \/>\n<meta name=\"twitter:description\" content=\"\u00datvonal enged\u00e9lyben foglalt felt\u00e9teleknek megfelel\u0151en megk\u00fcl\u00f6nb\u00f6ztet\u0151 jelz\u00e9st haszn\u00e1l\u00f3 g\u00e9pj\u00e1rm\u0171 a konvoj r\u00e9sz\u00e9t alkotja az el\u0151\u00edr\u00e1sok szerint.\" \/>\n<meta name=\"twitter:image\" content=\"https:\/\/flashcars.hu\/wp-content\/uploads\/2022\/06\/2011-11-24-23.40.08.jpg\" \/>\n<meta name=\"twitter:label1\" content=\"Gesch\u00e4tzte Lesezeit\" \/>\n\t<meta name=\"twitter:data1\" content=\"1\u00a0Minute\" \/>\n<script type=\"application\/ld+json\" class=\"yoast-schema-graph\">{\"@context\":\"https:\\\/\\\/schema.org\",\"@graph\":[{\"@type\":\"WebPage\",\"@id\":\"https:\\\/\\\/flashcars.hu\\\/rendorsegi-kiseret\\\/\",\"url\":\"https:\\\/\\\/flashcars.hu\\\/rendorsegi-kiseret\\\/\",\"name\":\"Rend\u0151rs\u00e9gi k\u00eds\u00e9ret - Flashcars.hu\",\"isPartOf\":{\"@id\":\"https:\\\/\\\/flashcars.hu\\\/#website\"},\"primaryImageOfPage\":{\"@id\":\"https:\\\/\\\/flashcars.hu\\\/rendorsegi-kiseret\\\/#primaryimage\"},\"image\":{\"@id\":\"https:\\\/\\\/flashcars.hu\\\/rendorsegi-kiseret\\\/#primaryimage\"},\"thumbnailUrl\":\"https:\\\/\\\/flashcars.hu\\\/wp-content\\\/uploads\\\/2022\\\/05\\\/flashcars_tulmeretes_szallitmany_kiseres_tamas_akos.png\",\"datePublished\":\"2022-06-04T20:16:27+00:00\",\"dateModified\":\"2022-06-15T19:56:15+00:00\",\"description\":\"\u00datvonal enged\u00e9lyben foglalt felt\u00e9teleknek megfelel\u0151en megk\u00fcl\u00f6nb\u00f6ztet\u0151 jelz\u00e9st haszn\u00e1l\u00f3 g\u00e9pj\u00e1rm\u0171 a konvoj r\u00e9sz\u00e9t alkotja az el\u0151\u00edr\u00e1sok szerint.\",\"breadcrumb\":{\"@id\":\"https:\\\/\\\/flashcars.hu\\\/rendorsegi-kiseret\\\/#breadcrumb\"},\"inLanguage\":\"de\",\"potentialAction\":[{\"@type\":\"ReadAction\",\"target\":[\"https:\\\/\\\/flashcars.hu\\\/rendorsegi-kiseret\\\/\"]}]},{\"@type\":\"ImageObject\",\"inLanguage\":\"de\",\"@id\":\"https:\\\/\\\/flashcars.hu\\\/rendorsegi-kiseret\\\/#primaryimage\",\"url\":\"https:\\\/\\\/flashcars.hu\\\/wp-content\\\/uploads\\\/2022\\\/05\\\/flashcars_tulmeretes_szallitmany_kiseres_tamas_akos.png\",\"contentUrl\":\"https:\\\/\\\/flashcars.hu\\\/wp-content\\\/uploads\\\/2022\\\/05\\\/flashcars_tulmeretes_szallitmany_kiseres_tamas_akos.png\"},{\"@type\":\"BreadcrumbList\",\"@id\":\"https:\\\/\\\/flashcars.hu\\\/rendorsegi-kiseret\\\/#breadcrumb\",\"itemListElement\":[{\"@type\":\"ListItem\",\"position\":1,\"name\":\"Kezd\u0151lap\",\"item\":\"https:\\\/\\\/flashcars.hu\\\/\"},{\"@type\":\"ListItem\",\"position\":2,\"name\":\"Rend\u0151rs\u00e9gi k\u00eds\u00e9ret\"}]},{\"@type\":\"WebSite\",\"@id\":\"https:\\\/\\\/flashcars.hu\\\/#website\",\"url\":\"https:\\\/\\\/flashcars.hu\\\/\",\"name\":\"Flashcars.hu\",\"description\":\"T\u00fals\u00falyos \u00e9s t\u00falm\u00e9retes sz\u00e1ll\u00edtm\u00e1nyok k\u00eds\u00e9rete \u00e9s a sz\u00fcks\u00e9ges \u00fatvonalenged\u00e9ly beszerz\u00e9se.\",\"publisher\":{\"@id\":\"https:\\\/\\\/flashcars.hu\\\/#organization\"},\"potentialAction\":[{\"@type\":\"SearchAction\",\"target\":{\"@type\":\"EntryPoint\",\"urlTemplate\":\"https:\\\/\\\/flashcars.hu\\\/?s={search_term_string}\"},\"query-input\":{\"@type\":\"PropertyValueSpecification\",\"valueRequired\":true,\"valueName\":\"search_term_string\"}}],\"inLanguage\":\"de\"},{\"@type\":\"Organization\",\"@id\":\"https:\\\/\\\/flashcars.hu\\\/#organization\",\"name\":\"FlashCars Sz\u00e1ll\u00edtm\u00e1nyoz\u00e1si Kft.\",\"url\":\"https:\\\/\\\/flashcars.hu\\\/\",\"logo\":{\"@type\":\"ImageObject\",\"inLanguage\":\"de\",\"@id\":\"https:\\\/\\\/flashcars.hu\\\/#\\\/schema\\\/logo\\\/image\\\/\",\"url\":\"http:\\\/\\\/flashcars.hu\\\/wp-content\\\/uploads\\\/2022\\\/05\\\/Logo-Horizontal-Light.png\",\"contentUrl\":\"http:\\\/\\\/flashcars.hu\\\/wp-content\\\/uploads\\\/2022\\\/05\\\/Logo-Horizontal-Light.png\",\"width\":1720,\"height\":258,\"caption\":\"FlashCars Sz\u00e1ll\u00edtm\u00e1nyoz\u00e1si Kft.\"},\"image\":{\"@id\":\"https:\\\/\\\/flashcars.hu\\\/#\\\/schema\\\/logo\\\/image\\\/\"}}]}<\/script>\n<!-- \/ Yoast SEO Premium plugin. -->","yoast_head_json":{"title":"Polizeibegleitung - Flashcars.com","description":"Ein Fahrzeug, das ein Unterscheidungszeichen gem\u00e4\u00df den Bedingungen der Streckenkonzession verwendet, ist Teil eines Konvois wie vorgeschrieben.","robots":{"index":"index","follow":"follow","max-snippet":"max-snippet:-1","max-image-preview":"max-image-preview:large","max-video-preview":"max-video-preview:-1"},"canonical":"https:\/\/flashcars.hu\/de\/polizeiliche-begleitung\/","og_locale":"de_DE","og_type":"article","og_title":"Rend\u0151rs\u00e9gi k\u00eds\u00e9ret","og_description":"\u00datvonal enged\u00e9lyben foglalt felt\u00e9teleknek megfelel\u0151en megk\u00fcl\u00f6nb\u00f6ztet\u0151 jelz\u00e9st haszn\u00e1l\u00f3 g\u00e9pj\u00e1rm\u0171 a konvoj r\u00e9sz\u00e9t alkotja az el\u0151\u00edr\u00e1sok szerint.","og_url":"https:\/\/flashcars.hu\/de\/polizeiliche-begleitung\/","og_site_name":"Flashcars.hu","article_modified_time":"2022-06-15T19:56:15+00:00","og_image":[{"width":1024,"height":768,"url":"https:\/\/flashcars.hu\/wp-content\/uploads\/2022\/06\/2011-11-24-23.40.08.jpg","type":"image\/jpeg"}],"twitter_card":"summary_large_image","twitter_title":"Rend\u0151rs\u00e9gi k\u00eds\u00e9ret","twitter_description":"\u00datvonal enged\u00e9lyben foglalt felt\u00e9teleknek megfelel\u0151en megk\u00fcl\u00f6nb\u00f6ztet\u0151 jelz\u00e9st haszn\u00e1l\u00f3 g\u00e9pj\u00e1rm\u0171 a konvoj r\u00e9sz\u00e9t alkotja az el\u0151\u00edr\u00e1sok szerint.","twitter_image":"https:\/\/flashcars.hu\/wp-content\/uploads\/2022\/06\/2011-11-24-23.40.08.jpg","twitter_misc":{"Gesch\u00e4tzte Lesezeit":"1\u00a0Minute"},"schema":{"@context":"https:\/\/schema.org","@graph":[{"@type":"WebPage","@id":"https:\/\/flashcars.hu\/rendorsegi-kiseret\/","url":"https:\/\/flashcars.hu\/rendorsegi-kiseret\/","name":"Polizeibegleitung - Flashcars.com","isPartOf":{"@id":"https:\/\/flashcars.hu\/#website"},"primaryImageOfPage":{"@id":"https:\/\/flashcars.hu\/rendorsegi-kiseret\/#primaryimage"},"image":{"@id":"https:\/\/flashcars.hu\/rendorsegi-kiseret\/#primaryimage"},"thumbnailUrl":"https:\/\/flashcars.hu\/wp-content\/uploads\/2022\/05\/flashcars_tulmeretes_szallitmany_kiseres_tamas_akos.png","datePublished":"2022-06-04T20:16:27+00:00","dateModified":"2022-06-15T19:56:15+00:00","description":"Ein Fahrzeug, das ein Unterscheidungszeichen gem\u00e4\u00df den Bedingungen der Streckenkonzession verwendet, ist Teil eines Konvois wie vorgeschrieben.","breadcrumb":{"@id":"https:\/\/flashcars.hu\/rendorsegi-kiseret\/#breadcrumb"},"inLanguage":"de","potentialAction":[{"@type":"ReadAction","target":["https:\/\/flashcars.hu\/rendorsegi-kiseret\/"]}]},{"@type":"ImageObject","inLanguage":"de","@id":"https:\/\/flashcars.hu\/rendorsegi-kiseret\/#primaryimage","url":"https:\/\/flashcars.hu\/wp-content\/uploads\/2022\/05\/flashcars_tulmeretes_szallitmany_kiseres_tamas_akos.png","contentUrl":"https:\/\/flashcars.hu\/wp-content\/uploads\/2022\/05\/flashcars_tulmeretes_szallitmany_kiseres_tamas_akos.png"},{"@type":"BreadcrumbList","@id":"https:\/\/flashcars.hu\/rendorsegi-kiseret\/#breadcrumb","itemListElement":[{"@type":"ListItem","position":1,"name":"Kezd\u0151lap","item":"https:\/\/flashcars.hu\/"},{"@type":"ListItem","position":2,"name":"Rend\u0151rs\u00e9gi k\u00eds\u00e9ret"}]},{"@type":"WebSite","@id":"https:\/\/flashcars.hu\/#website","url":"https:\/\/flashcars.hu\/","name":"Flashcars.hu","description":"Begleiten von \u00fcberverfrachteten und \u00fcberdimensionalen Lieferungen und das Einholen der erforderlichen Streckengenehmigungen.","publisher":{"@id":"https:\/\/flashcars.hu\/#organization"},"potentialAction":[{"@type":"SearchAction","target":{"@type":"EntryPoint","urlTemplate":"https:\/\/flashcars.hu\/?s={search_term_string}"},"query-input":{"@type":"PropertyValueSpecification","valueRequired":true,"valueName":"search_term_string"}}],"inLanguage":"de"},{"@type":"Organization","@id":"https:\/\/flashcars.hu\/#organization","name":"FlashCars Transport GmbH","url":"https:\/\/flashcars.hu\/","logo":{"@type":"ImageObject","inLanguage":"de","@id":"https:\/\/flashcars.hu\/#\/schema\/logo\/image\/","url":"http:\/\/flashcars.hu\/wp-content\/uploads\/2022\/05\/Logo-Horizontal-Light.png","contentUrl":"http:\/\/flashcars.hu\/wp-content\/uploads\/2022\/05\/Logo-Horizontal-Light.png","width":1720,"height":258,"caption":"FlashCars Sz\u00e1ll\u00edtm\u00e1nyoz\u00e1si Kft."},"image":{"@id":"https:\/\/flashcars.hu\/#\/schema\/logo\/image\/"}}]}},"_links":{"self":[{"href":"https:\/\/flashcars.hu\/de\/wp-json\/wp\/v2\/pages\/371","targetHints":{"allow":["GET"]}}],"collection":[{"href":"https:\/\/flashcars.hu\/de\/wp-json\/wp\/v2\/pages"}],"about":[{"href":"https:\/\/flashcars.hu\/de\/wp-json\/wp\/v2\/types\/page"}],"author":[{"embeddable":true,"href":"https:\/\/flashcars.hu\/de\/wp-json\/wp\/v2\/users\/1"}],"replies":[{"embeddable":true,"href":"https:\/\/flashcars.hu\/de\/wp-json\/wp\/v2\/comments?post=371"}],"version-history":[{"count":22,"href":"https:\/\/flashcars.hu\/de\/wp-json\/wp\/v2\/pages\/371\/revisions"}],"predecessor-version":[{"id":783,"href":"https:\/\/flashcars.hu\/de\/wp-json\/wp\/v2\/pages\/371\/revisions\/783"}],"wp:attachment":[{"href":"https:\/\/flashcars.hu\/de\/wp-json\/wp\/v2\/media?parent=371"}],"curies":[{"name":"wp","href":"https:\/\/api.w.org\/{rel}","templated":true}]}}